{"id":25781,"date":"2024-06-18T09:15:55","date_gmt":"2024-06-18T08:15:55","guid":{"rendered":"https:\/\/babywellnessfoundation.org\/partnership\/"},"modified":"2026-02-18T10:04:42","modified_gmt":"2026-02-18T09:04:42","slug":"partenariats","status":"publish","type":"page","link":"https:\/\/babywellnessfoundation.org\/fr\/partenariats\/","title":{"rendered":"Partenariats"},"content":{"rendered":"\t\t<div data-elementor-type=\"wp-page\" data-elementor-id=\"25781\" class=\"elementor elementor-25781 elementor-15520\" data-elementor-post-type=\"page\">\n\t\t\t\t\t\t<section class=\"elementor-section elementor-top-section elementor-element elementor-element-5b29d8e elementor-section-stretched elementor-section-boxed elementor-section-height-default elementor-section-height-default\" data-id=\"5b29d8e\" data-element_type=\"section\" data-settings=\"{&quot;stretch_section&quot;:&quot;section-stretched&quot;,&quot;jet_parallax_layout_list&quot;:[{&quot;jet_parallax_layout_image&quot;:{&quot;url&quot;:&quot;&quot;,&quot;id&quot;:&quot;&quot;,&quot;size&quot;:&quot;&quot;},&quot;_id&quot;:&quot;51ce895&quot;,&quot;jet_parallax_layout_image_tablet&quot;:{&quot;url&quot;:&quot;&quot;,&quot;id&quot;:&quot;&quot;,&quot;size&quot;:&quot;&quot;},&quot;jet_parallax_layout_image_mobile&quot;:{&quot;url&quot;:&quot;&quot;,&quot;id&quot;:&quot;&quot;,&quot;size&quot;:&quot;&quot;},&quot;jet_parallax_layout_speed&quot;:{&quot;unit&quot;:&quot;%&quot;,&quot;size&quot;:50,&quot;sizes&quot;:[]},&quot;jet_parallax_layout_type&quot;:&quot;scroll&quot;,&quot;jet_parallax_layout_direction&quot;:&quot;1&quot;,&quot;jet_parallax_layout_fx_direction&quot;:null,&quot;jet_parallax_layout_z_index&quot;:&quot;&quot;,&quot;jet_parallax_layout_bg_x&quot;:50,&quot;jet_parallax_layout_bg_x_tablet&quot;:&quot;&quot;,&quot;jet_parallax_layout_bg_x_mobile&quot;:&quot;&quot;,&quot;jet_parallax_layout_bg_y&quot;:50,&quot;jet_parallax_layout_bg_y_tablet&quot;:&quot;&quot;,&quot;jet_parallax_layout_bg_y_mobile&quot;:&quot;&quot;,&quot;jet_parallax_layout_bg_size&quot;:&quot;auto&quot;,&quot;jet_parallax_layout_bg_size_tablet&quot;:&quot;&quot;,&quot;jet_parallax_layout_bg_size_mobile&quot;:&quot;&quot;,&quot;jet_parallax_layout_animation_prop&quot;:&quot;transform&quot;,&quot;jet_parallax_layout_on&quot;:[&quot;desktop&quot;,&quot;tablet&quot;]}],&quot;background_background&quot;:&quot;classic&quot;}\">\n\t\t\t\t\t\t<div class=\"elementor-container elementor-column-gap-no\">\n\t\t\t\t\t<div class=\"elementor-column elementor-col-100 elementor-top-column elementor-element elementor-element-0ee8a28\" data-id=\"0ee8a28\" data-element_type=\"column\">\n\t\t\t<div class=\"elementor-widget-wrap elementor-element-populated\">\n\t\t\t\t\t\t<div class=\"elementor-element elementor-element-fd3a61a elementor-widget-mobile__width-auto elementor-widget elementor-widget-heading\" data-id=\"fd3a61a\" data-element_type=\"widget\" data-widget_type=\"heading.default\">\n\t\t\t\t<div class=\"elementor-widget-container\">\n\t\t\t\t\t<h1 class=\"elementor-heading-title elementor-size-default\">Nos partenariats<\/h1>\t\t\t\t<\/div>\n\t\t\t\t<\/div>\n\t\t\t\t<div class=\"elementor-element elementor-element-6a0ff73 elementor-widget-tablet__width-initial elementor-widget elementor-widget-text-editor\" data-id=\"6a0ff73\" data-element_type=\"widget\" data-widget_type=\"text-editor.default\">\n\t\t\t\t<div class=\"elementor-widget-container\">\n\t\t\t\t\t\t\t\t\t<p>La Baby Wellness Foundation pr\u00e9sente ses collaborations, ax\u00e9es sur le bien-\u00eatre de l\u2019enfant, qui permettent le d\u00e9veloppement de programmes innovants, la mise \u00e0 disposition de ressources \u00e9ducatives de haute qualit\u00e9 et l\u2019offre d\u2019un soutien essentiel aux familles.<\/p>\t\t\t\t\t\t\t\t<\/div>\n\t\t\t\t<\/div>\n\t\t\t\t\t<\/div>\n\t\t<\/div>\n\t\t\t\t\t<\/div>\n\t\t<\/section>\n\t\t\t\t<section class=\"elementor-section elementor-top-section elementor-element elementor-element-8c106c0 elementor-section-boxed elementor-section-height-default elementor-section-height-default\" data-id=\"8c106c0\" data-element_type=\"section\" data-settings=\"{&quot;jet_parallax_layout_list&quot;:[]}\">\n\t\t\t\t\t\t<div class=\"elementor-container elementor-column-gap-default\">\n\t\t\t\t\t<div class=\"elementor-column elementor-col-100 elementor-top-column elementor-element elementor-element-180d42d\" data-id=\"180d42d\" data-element_type=\"column\">\n\t\t\t<div class=\"elementor-widget-wrap elementor-element-populated\">\n\t\t\t\t\t\t<div class=\"elementor-element elementor-element-fdd2417 elementor-widget elementor-widget-spacer\" data-id=\"fdd2417\" data-element_type=\"widget\" data-widget_type=\"spacer.default\">\n\t\t\t\t<div class=\"elementor-widget-container\">\n\t\t\t\t\t\t\t<div class=\"elementor-spacer\">\n\t\t\t<div class=\"elementor-spacer-inner\"><\/div>\n\t\t<\/div>\n\t\t\t\t\t\t<\/div>\n\t\t\t\t<\/div>\n\t\t\t\t\t<\/div>\n\t\t<\/div>\n\t\t\t\t\t<\/div>\n\t\t<\/section>\n\t\t\t\t<section class=\"elementor-section elementor-top-section elementor-element elementor-element-21402fd elementor-section-boxed elementor-section-height-default elementor-section-height-default\" data-id=\"21402fd\" data-element_type=\"section\" data-settings=\"{&quot;jet_parallax_layout_list&quot;:[]}\">\n\t\t\t\t\t\t<div class=\"elementor-container elementor-column-gap-default\">\n\t\t\t\t\t<div class=\"elementor-column elementor-col-100 elementor-top-column elementor-element elementor-element-60d7e33\" data-id=\"60d7e33\" data-element_type=\"column\">\n\t\t\t<div class=\"elementor-widget-wrap elementor-element-populated\">\n\t\t\t\t\t\t<div class=\"elementor-element elementor-element-547eaef elementor-widget elementor-widget-text-editor\" data-id=\"547eaef\" data-element_type=\"widget\" data-widget_type=\"text-editor.default\">\n\t\t\t\t<div class=\"elementor-widget-container\">\n\t\t\t\t\t\t\t\t\t<p>Mediapartnership<\/p>\t\t\t\t\t\t\t\t<\/div>\n\t\t\t\t<\/div>\n\t\t\t\t\t<\/div>\n\t\t<\/div>\n\t\t\t\t\t<\/div>\n\t\t<\/section>\n\t\t\t\t<section class=\"elementor-section elementor-top-section elementor-element elementor-element-4024d23 elementor-section-boxed elementor-section-height-default elementor-section-height-default\" data-id=\"4024d23\" data-element_type=\"section\" data-settings=\"{&quot;jet_parallax_layout_list&quot;:[],&quot;background_background&quot;:&quot;classic&quot;}\">\n\t\t\t\t\t\t<div class=\"elementor-container elementor-column-gap-default\">\n\t\t\t\t\t<div class=\"elementor-column elementor-col-50 elementor-top-column elementor-element elementor-element-64df6e8\" data-id=\"64df6e8\" data-element_type=\"column\" data-settings=\"{&quot;background_background&quot;:&quot;classic&quot;}\">\n\t\t\t<div class=\"elementor-widget-wrap elementor-element-populated\">\n\t\t\t\t\t\t<div class=\"elementor-element elementor-element-1b325bc elementor-widget elementor-widget-image\" data-id=\"1b325bc\" data-element_type=\"widget\" data-widget_type=\"image.default\">\n\t\t\t\t<div class=\"elementor-widget-container\">\n\t\t\t\t\t\t\t\t\t\t\t\t\t\t\t<img decoding=\"async\" width=\"300\" height=\"141\" src=\"https:\/\/babywellnessfoundation.org\/wp-content\/uploads\/2022\/10\/cercapasseggini-logo-300x141.png\" class=\"attachment-medium size-medium wp-image-9054\" alt=\"\" srcset=\"https:\/\/babywellnessfoundation.org\/wp-content\/uploads\/2022\/10\/cercapasseggini-logo-300x141.png 300w, https:\/\/babywellnessfoundation.org\/wp-content\/uploads\/2022\/10\/cercapasseggini-logo-100x47.png 100w, https:\/\/babywellnessfoundation.org\/wp-content\/uploads\/2022\/10\/cercapasseggini-logo-120x56.png 120w, https:\/\/babywellnessfoundation.org\/wp-content\/uploads\/2022\/10\/cercapasseggini-logo.png 640w\" sizes=\"(max-width: 300px) 100vw, 300px\" \/>\t\t\t\t\t\t\t\t\t\t\t\t\t\t\t<\/div>\n\t\t\t\t<\/div>\n\t\t\t\t\t<\/div>\n\t\t<\/div>\n\t\t\t\t<div class=\"elementor-column elementor-col-50 elementor-top-column elementor-element elementor-element-8a9ecde\" data-id=\"8a9ecde\" data-element_type=\"column\" data-settings=\"{&quot;background_background&quot;:&quot;classic&quot;}\">\n\t\t\t<div class=\"elementor-widget-wrap elementor-element-populated\">\n\t\t\t\t\t\t<div class=\"elementor-element elementor-element-02379d8 elementor-widget elementor-widget-text-editor\" data-id=\"02379d8\" data-element_type=\"widget\" data-widget_type=\"text-editor.default\">\n\t\t\t\t<div class=\"elementor-widget-container\">\n\t\t\t\t\t\t\t\t\t<p>Cercapasseggini est le moteur de recherche d\u00e9di\u00e9 aux poussettes, avec une fen\u00eatre ouverte sur tout ce qui concerne le monde de la petite enfance.<br>Il est n\u00e9 pour accompagner les parents dans le choix de la poussette la plus adapt\u00e9e aux besoins de l\u2019enfant et au style de vie de la famille.<\/p><p><a style=\"font-family: var( --e-global-typography-text-font-family ), Sans-serif; font-weight: var( --e-global-typography-text-font-weight ); font-size: 1rem;\" href=\"https:\/\/www.cercapasseggini.it\/\" target=\"_blank\" rel=\"noopener\">cercapasseggini.it<\/a><\/p>\t\t\t\t\t\t\t\t<\/div>\n\t\t\t\t<\/div>\n\t\t\t\t\t<\/div>\n\t\t<\/div>\n\t\t\t\t\t<\/div>\n\t\t<\/section>\n\t\t\t\t<section class=\"elementor-section elementor-top-section elementor-element elementor-element-8f7d836 elementor-section-boxed elementor-section-height-default elementor-section-height-default\" data-id=\"8f7d836\" data-element_type=\"section\" data-settings=\"{&quot;jet_parallax_layout_list&quot;:[]}\">\n\t\t\t\t\t\t<div class=\"elementor-container elementor-column-gap-default\">\n\t\t\t\t\t<div class=\"elementor-column elementor-col-100 elementor-top-column elementor-element elementor-element-5656000\" data-id=\"5656000\" data-element_type=\"column\">\n\t\t\t<div class=\"elementor-widget-wrap elementor-element-populated\">\n\t\t\t\t\t\t<div class=\"elementor-element elementor-element-042f2d7 elementor-widget elementor-widget-spacer\" data-id=\"042f2d7\" data-element_type=\"widget\" data-widget_type=\"spacer.default\">\n\t\t\t\t<div class=\"elementor-widget-container\">\n\t\t\t\t\t\t\t<div class=\"elementor-spacer\">\n\t\t\t<div class=\"elementor-spacer-inner\"><\/div>\n\t\t<\/div>\n\t\t\t\t\t\t<\/div>\n\t\t\t\t<\/div>\n\t\t\t\t\t<\/div>\n\t\t<\/div>\n\t\t\t\t\t<\/div>\n\t\t<\/section>\n\t\t\t\t<section class=\"elementor-section elementor-top-section elementor-element elementor-element-5329aae elementor-section-boxed elementor-section-height-default elementor-section-height-default\" data-id=\"5329aae\" data-element_type=\"section\" data-settings=\"{&quot;jet_parallax_layout_list&quot;:[],&quot;background_background&quot;:&quot;classic&quot;}\">\n\t\t\t\t\t\t<div class=\"elementor-container elementor-column-gap-default\">\n\t\t\t\t\t<div class=\"elementor-column elementor-col-50 elementor-top-column elementor-element elementor-element-2df9e8c\" data-id=\"2df9e8c\" data-element_type=\"column\" data-settings=\"{&quot;background_background&quot;:&quot;classic&quot;}\">\n\t\t\t<div class=\"elementor-widget-wrap elementor-element-populated\">\n\t\t\t\t\t\t<div class=\"elementor-element elementor-element-6dcb022 elementor-widget elementor-widget-image\" data-id=\"6dcb022\" data-element_type=\"widget\" data-widget_type=\"image.default\">\n\t\t\t\t<div class=\"elementor-widget-container\">\n\t\t\t\t\t\t\t\t\t\t\t\t\t\t\t<img decoding=\"async\" width=\"300\" height=\"144\" src=\"https:\/\/babywellnessfoundation.org\/wp-content\/uploads\/2022\/10\/cercaseggiolini-logo-300x144.png\" class=\"attachment-medium size-medium wp-image-9055\" alt=\"\" srcset=\"https:\/\/babywellnessfoundation.org\/wp-content\/uploads\/2022\/10\/cercaseggiolini-logo-300x144.png 300w, https:\/\/babywellnessfoundation.org\/wp-content\/uploads\/2022\/10\/cercaseggiolini-logo-100x48.png 100w, https:\/\/babywellnessfoundation.org\/wp-content\/uploads\/2022\/10\/cercaseggiolini-logo-120x58.png 120w, https:\/\/babywellnessfoundation.org\/wp-content\/uploads\/2022\/10\/cercaseggiolini-logo.png 626w\" sizes=\"(max-width: 300px) 100vw, 300px\" \/>\t\t\t\t\t\t\t\t\t\t\t\t\t\t\t<\/div>\n\t\t\t\t<\/div>\n\t\t\t\t\t<\/div>\n\t\t<\/div>\n\t\t\t\t<div class=\"elementor-column elementor-col-50 elementor-top-column elementor-element elementor-element-5359de2\" data-id=\"5359de2\" data-element_type=\"column\" data-settings=\"{&quot;background_background&quot;:&quot;classic&quot;}\">\n\t\t\t<div class=\"elementor-widget-wrap elementor-element-populated\">\n\t\t\t\t\t\t<div class=\"elementor-element elementor-element-f3da3b9 elementor-widget elementor-widget-text-editor\" data-id=\"f3da3b9\" data-element_type=\"widget\" data-widget_type=\"text-editor.default\">\n\t\t\t\t<div class=\"elementor-widget-container\">\n\t\t\t\t\t\t\t\t\t<p>Cercaseggiolini est un portail d\u2019information d\u00e9di\u00e9 aux si\u00e8ges auto et \u00e0 la s\u00e9curit\u00e9 des enfants en voiture.<br>Il a \u00e9t\u00e9 cr\u00e9\u00e9 pour guider de nombreux parents dans le choix du meilleur si\u00e8ge auto pour leur enfant, clarifier les doutes li\u00e9s \u00e0 la r\u00e9glementation et fournir des conseils utiles pour la s\u00e9curit\u00e9 et les voyages.  <\/p><p><a style=\"font-family: var( --e-global-typography-text-font-family ), Sans-serif; font-weight: var( --e-global-typography-text-font-weight ); font-size: 1rem;\" href=\"https:\/\/www.cercaseggiolini.it\/\" target=\"_blank\" rel=\"noopener\">cercaseggiolini.it<\/a><\/p>\t\t\t\t\t\t\t\t<\/div>\n\t\t\t\t<\/div>\n\t\t\t\t\t<\/div>\n\t\t<\/div>\n\t\t\t\t\t<\/div>\n\t\t<\/section>\n\t\t\t\t<\/div>\n\t\t","protected":false},"excerpt":{"rendered":"<p>Nos partenariats La Baby Wellness Foundation pr\u00e9sente ses collaborations, ax\u00e9es sur le bien-\u00eatre de l\u2019enfant, qui permettent le d\u00e9veloppement de programmes innovants, la mise \u00e0 disposition de ressources \u00e9ducatives de haute qualit\u00e9 et l\u2019offre d\u2019un soutien essentiel aux familles. Mediapartnership Cercapasseggini est le moteur de recherche d\u00e9di\u00e9 aux poussettes, avec une fen\u00eatre ouverte sur tout [&hellip;]<\/p>\n","protected":false},"author":1447,"featured_media":0,"parent":0,"menu_order":0,"comment_status":"closed","ping_status":"closed","template":"","meta":{"_acf_changed":false,"footnotes":""},"coauthors":[794],"class_list":["post-25781","page","type-page","status-publish","hentry"],"acf":[],"yoast_head":"<!-- This site is optimized with the Yoast SEO plugin v25.8 - https:\/\/yoast.com\/wordpress\/plugins\/seo\/ -->\n<title>Partenariats - Baby Wellness Foundation<\/title>\n<meta name=\"robots\" content=\"index, follow, max-snippet:-1, max-image-preview:large, max-video-preview:-1\" \/>\n<link rel=\"canonical\" href=\"https:\/\/babywellnessfoundation.org\/fr\/partenariats\/\" \/>\n<meta property=\"og:locale\" content=\"fr_FR\" \/>\n<meta property=\"og:type\" content=\"article\" \/>\n<meta property=\"og:title\" content=\"Partenariats - Baby Wellness Foundation\" \/>\n<meta property=\"og:description\" content=\"Nos partenariats La Baby Wellness Foundation pr\u00e9sente ses collaborations, ax\u00e9es sur le bien-\u00eatre de l\u2019enfant, qui permettent le d\u00e9veloppement de programmes innovants, la mise \u00e0 disposition de ressources \u00e9ducatives de haute qualit\u00e9 et l\u2019offre d\u2019un soutien essentiel aux familles. Mediapartnership Cercapasseggini est le moteur de recherche d\u00e9di\u00e9 aux poussettes, avec une fen\u00eatre ouverte sur tout [&hellip;]\" \/>\n<meta property=\"og:url\" content=\"https:\/\/babywellnessfoundation.org\/fr\/partenariats\/\" \/>\n<meta property=\"og:site_name\" content=\"Baby Wellness Foundation\" \/>\n<meta property=\"article:modified_time\" content=\"2026-02-18T09:04:42+00:00\" \/>\n<meta property=\"og:image\" content=\"https:\/\/babywellnessfoundation.org\/wp-content\/uploads\/2022\/10\/cercapasseggini-logo.png\" \/>\n\t<meta property=\"og:image:width\" content=\"640\" \/>\n\t<meta property=\"og:image:height\" content=\"300\" \/>\n\t<meta property=\"og:image:type\" content=\"image\/png\" \/>\n<meta name=\"twitter:card\" content=\"summary_large_image\" \/>\n<meta name=\"twitter:label1\" content=\"Dur\u00e9e de lecture estim\u00e9e\" \/>\n\t<meta name=\"twitter:data1\" content=\"2 minutes\" \/>\n\t<meta name=\"twitter:label2\" content=\"Written by\" \/>\n\t<meta name=\"twitter:data2\" content=\"valentina.lotito@inglesina.com\" \/>\n<script type=\"application\/ld+json\" class=\"yoast-schema-graph\">{\"@context\":\"https:\/\/schema.org\",\"@graph\":[{\"@type\":\"WebPage\",\"@id\":\"https:\/\/babywellnessfoundation.org\/fr\/partenariats\/\",\"url\":\"https:\/\/babywellnessfoundation.org\/fr\/partenariats\/\",\"name\":\"Partenariats - Baby Wellness Foundation\",\"isPartOf\":{\"@id\":\"https:\/\/babywellnessfoundation.org\/#website\"},\"primaryImageOfPage\":{\"@id\":\"https:\/\/babywellnessfoundation.org\/fr\/partenariats\/#primaryimage\"},\"image\":{\"@id\":\"https:\/\/babywellnessfoundation.org\/fr\/partenariats\/#primaryimage\"},\"thumbnailUrl\":\"https:\/\/babywellnessfoundation.org\/wp-content\/uploads\/2022\/10\/cercapasseggini-logo-300x141.png\",\"datePublished\":\"2024-06-18T08:15:55+00:00\",\"dateModified\":\"2026-02-18T09:04:42+00:00\",\"breadcrumb\":{\"@id\":\"https:\/\/babywellnessfoundation.org\/fr\/partenariats\/#breadcrumb\"},\"inLanguage\":\"fr-FR\",\"potentialAction\":[{\"@type\":\"ReadAction\",\"target\":[\"https:\/\/babywellnessfoundation.org\/fr\/partenariats\/\"]}]},{\"@type\":\"ImageObject\",\"inLanguage\":\"fr-FR\",\"@id\":\"https:\/\/babywellnessfoundation.org\/fr\/partenariats\/#primaryimage\",\"url\":\"https:\/\/babywellnessfoundation.org\/wp-content\/uploads\/2022\/10\/cercapasseggini-logo-300x141.png\",\"contentUrl\":\"https:\/\/babywellnessfoundation.org\/wp-content\/uploads\/2022\/10\/cercapasseggini-logo-300x141.png\"},{\"@type\":\"BreadcrumbList\",\"@id\":\"https:\/\/babywellnessfoundation.org\/fr\/partenariats\/#breadcrumb\",\"itemListElement\":[{\"@type\":\"ListItem\",\"position\":1,\"name\":\"Home\",\"item\":\"https:\/\/babywellnessfoundation.org\/fr\/\"},{\"@type\":\"ListItem\",\"position\":2,\"name\":\"Partenariats\"}]},{\"@type\":\"WebSite\",\"@id\":\"https:\/\/babywellnessfoundation.org\/#website\",\"url\":\"https:\/\/babywellnessfoundation.org\/\",\"name\":\"Baby Wellness Foundation\",\"description\":\"\",\"potentialAction\":[{\"@type\":\"SearchAction\",\"target\":{\"@type\":\"EntryPoint\",\"urlTemplate\":\"https:\/\/babywellnessfoundation.org\/?s={search_term_string}\"},\"query-input\":{\"@type\":\"PropertyValueSpecification\",\"valueRequired\":true,\"valueName\":\"search_term_string\"}}],\"inLanguage\":\"fr-FR\"}]}<\/script>\n<!-- \/ Yoast SEO plugin. -->","yoast_head_json":{"title":"Partenariats - Baby Wellness Foundation","robots":{"index":"index","follow":"follow","max-snippet":"max-snippet:-1","max-image-preview":"max-image-preview:large","max-video-preview":"max-video-preview:-1"},"canonical":"https:\/\/babywellnessfoundation.org\/fr\/partenariats\/","og_locale":"fr_FR","og_type":"article","og_title":"Partenariats - Baby Wellness Foundation","og_description":"Nos partenariats La Baby Wellness Foundation pr\u00e9sente ses collaborations, ax\u00e9es sur le bien-\u00eatre de l\u2019enfant, qui permettent le d\u00e9veloppement de programmes innovants, la mise \u00e0 disposition de ressources \u00e9ducatives de haute qualit\u00e9 et l\u2019offre d\u2019un soutien essentiel aux familles. Mediapartnership Cercapasseggini est le moteur de recherche d\u00e9di\u00e9 aux poussettes, avec une fen\u00eatre ouverte sur tout [&hellip;]","og_url":"https:\/\/babywellnessfoundation.org\/fr\/partenariats\/","og_site_name":"Baby Wellness Foundation","article_modified_time":"2026-02-18T09:04:42+00:00","og_image":[{"width":640,"height":300,"url":"https:\/\/babywellnessfoundation.org\/wp-content\/uploads\/2022\/10\/cercapasseggini-logo.png","type":"image\/png"}],"twitter_card":"summary_large_image","twitter_misc":{"Dur\u00e9e de lecture estim\u00e9e":"2 minutes","Written by":"valentina.lotito@inglesina.com"},"schema":{"@context":"https:\/\/schema.org","@graph":[{"@type":"WebPage","@id":"https:\/\/babywellnessfoundation.org\/fr\/partenariats\/","url":"https:\/\/babywellnessfoundation.org\/fr\/partenariats\/","name":"Partenariats - Baby Wellness Foundation","isPartOf":{"@id":"https:\/\/babywellnessfoundation.org\/#website"},"primaryImageOfPage":{"@id":"https:\/\/babywellnessfoundation.org\/fr\/partenariats\/#primaryimage"},"image":{"@id":"https:\/\/babywellnessfoundation.org\/fr\/partenariats\/#primaryimage"},"thumbnailUrl":"https:\/\/babywellnessfoundation.org\/wp-content\/uploads\/2022\/10\/cercapasseggini-logo-300x141.png","datePublished":"2024-06-18T08:15:55+00:00","dateModified":"2026-02-18T09:04:42+00:00","breadcrumb":{"@id":"https:\/\/babywellnessfoundation.org\/fr\/partenariats\/#breadcrumb"},"inLanguage":"fr-FR","potentialAction":[{"@type":"ReadAction","target":["https:\/\/babywellnessfoundation.org\/fr\/partenariats\/"]}]},{"@type":"ImageObject","inLanguage":"fr-FR","@id":"https:\/\/babywellnessfoundation.org\/fr\/partenariats\/#primaryimage","url":"https:\/\/babywellnessfoundation.org\/wp-content\/uploads\/2022\/10\/cercapasseggini-logo-300x141.png","contentUrl":"https:\/\/babywellnessfoundation.org\/wp-content\/uploads\/2022\/10\/cercapasseggini-logo-300x141.png"},{"@type":"BreadcrumbList","@id":"https:\/\/babywellnessfoundation.org\/fr\/partenariats\/#breadcrumb","itemListElement":[{"@type":"ListItem","position":1,"name":"Home","item":"https:\/\/babywellnessfoundation.org\/fr\/"},{"@type":"ListItem","position":2,"name":"Partenariats"}]},{"@type":"WebSite","@id":"https:\/\/babywellnessfoundation.org\/#website","url":"https:\/\/babywellnessfoundation.org\/","name":"Baby Wellness Foundation","description":"","potentialAction":[{"@type":"SearchAction","target":{"@type":"EntryPoint","urlTemplate":"https:\/\/babywellnessfoundation.org\/?s={search_term_string}"},"query-input":{"@type":"PropertyValueSpecification","valueRequired":true,"valueName":"search_term_string"}}],"inLanguage":"fr-FR"}]}},"_links":{"self":[{"href":"https:\/\/babywellnessfoundation.org\/fr\/wp-json\/wp\/v2\/pages\/25781","targetHints":{"allow":["GET"]}}],"collection":[{"href":"https:\/\/babywellnessfoundation.org\/fr\/wp-json\/wp\/v2\/pages"}],"about":[{"href":"https:\/\/babywellnessfoundation.org\/fr\/wp-json\/wp\/v2\/types\/page"}],"author":[{"embeddable":true,"href":"https:\/\/babywellnessfoundation.org\/fr\/wp-json\/wp\/v2\/users\/1447"}],"replies":[{"embeddable":true,"href":"https:\/\/babywellnessfoundation.org\/fr\/wp-json\/wp\/v2\/comments?post=25781"}],"version-history":[{"count":2,"href":"https:\/\/babywellnessfoundation.org\/fr\/wp-json\/wp\/v2\/pages\/25781\/revisions"}],"predecessor-version":[{"id":25785,"href":"https:\/\/babywellnessfoundation.org\/fr\/wp-json\/wp\/v2\/pages\/25781\/revisions\/25785"}],"wp:attachment":[{"href":"https:\/\/babywellnessfoundation.org\/fr\/wp-json\/wp\/v2\/media?parent=25781"}],"wp:term":[{"taxonomy":"author","embeddable":true,"href":"https:\/\/babywellnessfoundation.org\/fr\/wp-json\/wp\/v2\/coauthors?post=25781"}],"curies":[{"name":"wp","href":"https:\/\/api.w.org\/{rel}","templated":true}]}}