{"id":23175,"date":"2021-04-09T11:20:19","date_gmt":"2021-04-09T10:20:19","guid":{"rendered":"https:\/\/babywellnessfoundation.org\/condiciones-legales\/"},"modified":"2025-09-17T10:25:59","modified_gmt":"2025-09-17T09:25:59","slug":"condiciones-legales","status":"publish","type":"page","link":"https:\/\/babywellnessfoundation.org\/es\/condiciones-legales\/","title":{"rendered":"Condiciones legales"},"content":{"rendered":"\t\t<div data-elementor-type=\"wp-page\" data-elementor-id=\"23175\" class=\"elementor elementor-23175 elementor-5349\" data-elementor-post-type=\"page\">\n\t\t\t\t\t\t<section class=\"elementor-section elementor-top-section elementor-element elementor-element-d3ca341 elementor-section-boxed elementor-section-height-default elementor-section-height-default\" data-id=\"d3ca341\" data-element_type=\"section\" data-settings=\"{&quot;jet_parallax_layout_list&quot;:[{&quot;jet_parallax_layout_image&quot;:{&quot;url&quot;:&quot;&quot;,&quot;id&quot;:&quot;&quot;,&quot;size&quot;:&quot;&quot;},&quot;_id&quot;:&quot;dbf2358&quot;,&quot;jet_parallax_layout_image_tablet&quot;:{&quot;url&quot;:&quot;&quot;,&quot;id&quot;:&quot;&quot;,&quot;size&quot;:&quot;&quot;},&quot;jet_parallax_layout_image_mobile&quot;:{&quot;url&quot;:&quot;&quot;,&quot;id&quot;:&quot;&quot;,&quot;size&quot;:&quot;&quot;},&quot;jet_parallax_layout_speed&quot;:{&quot;unit&quot;:&quot;%&quot;,&quot;size&quot;:50,&quot;sizes&quot;:[]},&quot;jet_parallax_layout_type&quot;:&quot;scroll&quot;,&quot;jet_parallax_layout_direction&quot;:&quot;1&quot;,&quot;jet_parallax_layout_fx_direction&quot;:null,&quot;jet_parallax_layout_z_index&quot;:&quot;&quot;,&quot;jet_parallax_layout_bg_x&quot;:50,&quot;jet_parallax_layout_bg_x_tablet&quot;:&quot;&quot;,&quot;jet_parallax_layout_bg_x_mobile&quot;:&quot;&quot;,&quot;jet_parallax_layout_bg_y&quot;:50,&quot;jet_parallax_layout_bg_y_tablet&quot;:&quot;&quot;,&quot;jet_parallax_layout_bg_y_mobile&quot;:&quot;&quot;,&quot;jet_parallax_layout_bg_size&quot;:&quot;auto&quot;,&quot;jet_parallax_layout_bg_size_tablet&quot;:&quot;&quot;,&quot;jet_parallax_layout_bg_size_mobile&quot;:&quot;&quot;,&quot;jet_parallax_layout_animation_prop&quot;:&quot;transform&quot;,&quot;jet_parallax_layout_on&quot;:[&quot;desktop&quot;,&quot;tablet&quot;]}]}\">\n\t\t\t\t\t\t<div class=\"elementor-container elementor-column-gap-default\">\n\t\t\t\t\t<div class=\"elementor-column elementor-col-100 elementor-top-column elementor-element elementor-element-52b8b2b\" data-id=\"52b8b2b\" data-element_type=\"column\">\n\t\t\t<div class=\"elementor-widget-wrap elementor-element-populated\">\n\t\t\t\t\t\t<div class=\"elementor-element elementor-element-d735dab elementor-widget elementor-widget-heading\" data-id=\"d735dab\" data-element_type=\"widget\" data-widget_type=\"heading.default\">\n\t\t\t\t<div class=\"elementor-widget-container\">\n\t\t\t\t\t<h2 class=\"elementor-heading-title elementor-size-default\">Condiciones legales<\/h2>\t\t\t\t<\/div>\n\t\t\t\t<\/div>\n\t\t\t\t<div class=\"elementor-element elementor-element-1b5b813 elementor-widget elementor-widget-text-editor\" data-id=\"1b5b813\" data-element_type=\"widget\" data-widget_type=\"text-editor.default\">\n\t\t\t\t<div class=\"elementor-widget-container\">\n\t\t\t\t\t\t\t\t\t<p><strong>Datos de la Entidad<\/strong><\/p><ul><li><strong>Raz\u00f3n Social<\/strong>: Baby Wellness Foundation<\/li><li><strong>Domicilio Social<\/strong>: Via Roma, 181 \u2013 36050 Sovizzo (VI), ITALIA<\/li><li><strong>C\u00f3digo Fiscal<\/strong>: 95143940245<\/li><li><strong>Fondo de dotaci\u00f3n<\/strong>: euro 79.000,00 int. vers.<\/li><li><strong>PEC (servicio italiano de correo electr\u00f3nico certificado)<\/strong>: <a href=\"mailto:bwf@legalmail.it\" target=\"_blank\" rel=\"noopener\">bwf@legalmail.it<\/a><\/li><\/ul><p><strong>Advertencias sobre derechos de autor y derechos de propiedad intelectual<\/strong><\/p><p>El contenido completo de este sitio web est\u00e1 protegido por los derechos de autor (copyright \u00a9) de Baby Wellness Foundation.<\/p><p>Todos los derechos de propiedad intelectual (incluidos logotipos, marcas, signos distintivos, nombres de productos, im\u00e1genes, textos, documentos, folletos, etc.) presentes en este sitio web son propiedad de Baby Wellness Foundation y\/o de terceros titulares de los correspondientes derechos, y est\u00e1n protegidos por la legislaci\u00f3n vigente en Italia y en todo el mundo.<\/p><p>En ausencia de un consentimiento expreso y por escrito de Baby Wellness Foundation, queda prohibido cualquier uso, reproducci\u00f3n, transferencia, modificaci\u00f3n o publicaci\u00f3n de este sitio web y\/o de sus contenidos, total o parcial, en cualquier forma y con fines comerciales, salvo que est\u00e9 expresamente permitido por la legislaci\u00f3n aplicable.<\/p>\t\t\t\t\t\t\t\t<\/div>\n\t\t\t\t<\/div>\n\t\t\t\t\t<\/div>\n\t\t<\/div>\n\t\t\t\t\t<\/div>\n\t\t<\/section>\n\t\t\t\t<\/div>\n\t\t","protected":false},"excerpt":{"rendered":"<p>Condiciones legales Datos de la Entidad Raz\u00f3n Social: Baby Wellness Foundation Domicilio Social: Via Roma, 181 \u2013 36050 Sovizzo (VI), ITALIA C\u00f3digo Fiscal: 95143940245 Fondo de dotaci\u00f3n: euro 79.000,00 int. vers. PEC (servicio italiano de correo electr\u00f3nico certificado): bwf@legalmail.it Advertencias sobre derechos de autor y derechos de propiedad intelectual El contenido completo de este sitio [&hellip;]<\/p>\n","protected":false},"author":1,"featured_media":0,"parent":0,"menu_order":0,"comment_status":"closed","ping_status":"open","template":"","meta":{"_acf_changed":false,"footnotes":""},"coauthors":[796],"class_list":["post-23175","page","type-page","status-publish","hentry"],"acf":[],"yoast_head":"<!-- This site is optimized with the Yoast SEO plugin v25.8 - https:\/\/yoast.com\/wordpress\/plugins\/seo\/ -->\n<title>Condiciones legales - Baby Wellness Foundation<\/title>\n<meta name=\"robots\" content=\"index, follow, max-snippet:-1, max-image-preview:large, max-video-preview:-1\" \/>\n<link rel=\"canonical\" href=\"https:\/\/babywellnessfoundation.org\/es\/condiciones-legales\/\" \/>\n<meta property=\"og:locale\" content=\"es_ES\" \/>\n<meta property=\"og:type\" content=\"article\" \/>\n<meta property=\"og:title\" content=\"Condiciones legales - Baby Wellness Foundation\" \/>\n<meta property=\"og:description\" content=\"Condiciones legales Datos de la Entidad Raz\u00f3n Social: Baby Wellness Foundation Domicilio Social: Via Roma, 181 \u2013 36050 Sovizzo (VI), ITALIA C\u00f3digo Fiscal: 95143940245 Fondo de dotaci\u00f3n: euro 79.000,00 int. vers. PEC (servicio italiano de correo electr\u00f3nico certificado): bwf@legalmail.it Advertencias sobre derechos de autor y derechos de propiedad intelectual El contenido completo de este sitio [&hellip;]\" \/>\n<meta property=\"og:url\" content=\"https:\/\/babywellnessfoundation.org\/es\/condiciones-legales\/\" \/>\n<meta property=\"og:site_name\" content=\"Baby Wellness Foundation\" \/>\n<meta property=\"article:modified_time\" content=\"2025-09-17T09:25:59+00:00\" \/>\n<meta name=\"twitter:card\" content=\"summary_large_image\" \/>\n<meta name=\"twitter:label1\" content=\"Tiempo de lectura\" \/>\n\t<meta name=\"twitter:data1\" content=\"1 minuto\" \/>\n\t<meta name=\"twitter:label2\" content=\"Written by\" \/>\n\t<meta name=\"twitter:data2\" content=\"Admin Mibu\" \/>\n<script type=\"application\/ld+json\" class=\"yoast-schema-graph\">{\"@context\":\"https:\/\/schema.org\",\"@graph\":[{\"@type\":\"WebPage\",\"@id\":\"https:\/\/babywellnessfoundation.org\/es\/condiciones-legales\/\",\"url\":\"https:\/\/babywellnessfoundation.org\/es\/condiciones-legales\/\",\"name\":\"Condiciones legales - Baby Wellness Foundation\",\"isPartOf\":{\"@id\":\"https:\/\/babywellnessfoundation.org\/#website\"},\"datePublished\":\"2021-04-09T10:20:19+00:00\",\"dateModified\":\"2025-09-17T09:25:59+00:00\",\"breadcrumb\":{\"@id\":\"https:\/\/babywellnessfoundation.org\/es\/condiciones-legales\/#breadcrumb\"},\"inLanguage\":\"es\",\"potentialAction\":[{\"@type\":\"ReadAction\",\"target\":[\"https:\/\/babywellnessfoundation.org\/es\/condiciones-legales\/\"]}]},{\"@type\":\"BreadcrumbList\",\"@id\":\"https:\/\/babywellnessfoundation.org\/es\/condiciones-legales\/#breadcrumb\",\"itemListElement\":[{\"@type\":\"ListItem\",\"position\":1,\"name\":\"Home\",\"item\":\"https:\/\/babywellnessfoundation.org\/es\/\"},{\"@type\":\"ListItem\",\"position\":2,\"name\":\"Condiciones legales\"}]},{\"@type\":\"WebSite\",\"@id\":\"https:\/\/babywellnessfoundation.org\/#website\",\"url\":\"https:\/\/babywellnessfoundation.org\/\",\"name\":\"Baby Wellness Foundation\",\"description\":\"\",\"potentialAction\":[{\"@type\":\"SearchAction\",\"target\":{\"@type\":\"EntryPoint\",\"urlTemplate\":\"https:\/\/babywellnessfoundation.org\/?s={search_term_string}\"},\"query-input\":{\"@type\":\"PropertyValueSpecification\",\"valueRequired\":true,\"valueName\":\"search_term_string\"}}],\"inLanguage\":\"es\"}]}<\/script>\n<!-- \/ Yoast SEO plugin. -->","yoast_head_json":{"title":"Condiciones legales - Baby Wellness Foundation","robots":{"index":"index","follow":"follow","max-snippet":"max-snippet:-1","max-image-preview":"max-image-preview:large","max-video-preview":"max-video-preview:-1"},"canonical":"https:\/\/babywellnessfoundation.org\/es\/condiciones-legales\/","og_locale":"es_ES","og_type":"article","og_title":"Condiciones legales - Baby Wellness Foundation","og_description":"Condiciones legales Datos de la Entidad Raz\u00f3n Social: Baby Wellness Foundation Domicilio Social: Via Roma, 181 \u2013 36050 Sovizzo (VI), ITALIA C\u00f3digo Fiscal: 95143940245 Fondo de dotaci\u00f3n: euro 79.000,00 int. vers. PEC (servicio italiano de correo electr\u00f3nico certificado): bwf@legalmail.it Advertencias sobre derechos de autor y derechos de propiedad intelectual El contenido completo de este sitio [&hellip;]","og_url":"https:\/\/babywellnessfoundation.org\/es\/condiciones-legales\/","og_site_name":"Baby Wellness Foundation","article_modified_time":"2025-09-17T09:25:59+00:00","twitter_card":"summary_large_image","twitter_misc":{"Tiempo de lectura":"1 minuto","Written by":"Admin Mibu"},"schema":{"@context":"https:\/\/schema.org","@graph":[{"@type":"WebPage","@id":"https:\/\/babywellnessfoundation.org\/es\/condiciones-legales\/","url":"https:\/\/babywellnessfoundation.org\/es\/condiciones-legales\/","name":"Condiciones legales - Baby Wellness Foundation","isPartOf":{"@id":"https:\/\/babywellnessfoundation.org\/#website"},"datePublished":"2021-04-09T10:20:19+00:00","dateModified":"2025-09-17T09:25:59+00:00","breadcrumb":{"@id":"https:\/\/babywellnessfoundation.org\/es\/condiciones-legales\/#breadcrumb"},"inLanguage":"es","potentialAction":[{"@type":"ReadAction","target":["https:\/\/babywellnessfoundation.org\/es\/condiciones-legales\/"]}]},{"@type":"BreadcrumbList","@id":"https:\/\/babywellnessfoundation.org\/es\/condiciones-legales\/#breadcrumb","itemListElement":[{"@type":"ListItem","position":1,"name":"Home","item":"https:\/\/babywellnessfoundation.org\/es\/"},{"@type":"ListItem","position":2,"name":"Condiciones legales"}]},{"@type":"WebSite","@id":"https:\/\/babywellnessfoundation.org\/#website","url":"https:\/\/babywellnessfoundation.org\/","name":"Baby Wellness Foundation","description":"","potentialAction":[{"@type":"SearchAction","target":{"@type":"EntryPoint","urlTemplate":"https:\/\/babywellnessfoundation.org\/?s={search_term_string}"},"query-input":{"@type":"PropertyValueSpecification","valueRequired":true,"valueName":"search_term_string"}}],"inLanguage":"es"}]}},"_links":{"self":[{"href":"https:\/\/babywellnessfoundation.org\/es\/wp-json\/wp\/v2\/pages\/23175","targetHints":{"allow":["GET"]}}],"collection":[{"href":"https:\/\/babywellnessfoundation.org\/es\/wp-json\/wp\/v2\/pages"}],"about":[{"href":"https:\/\/babywellnessfoundation.org\/es\/wp-json\/wp\/v2\/types\/page"}],"author":[{"embeddable":true,"href":"https:\/\/babywellnessfoundation.org\/es\/wp-json\/wp\/v2\/users\/1"}],"replies":[{"embeddable":true,"href":"https:\/\/babywellnessfoundation.org\/es\/wp-json\/wp\/v2\/comments?post=23175"}],"version-history":[{"count":1,"href":"https:\/\/babywellnessfoundation.org\/es\/wp-json\/wp\/v2\/pages\/23175\/revisions"}],"predecessor-version":[{"id":23176,"href":"https:\/\/babywellnessfoundation.org\/es\/wp-json\/wp\/v2\/pages\/23175\/revisions\/23176"}],"wp:attachment":[{"href":"https:\/\/babywellnessfoundation.org\/es\/wp-json\/wp\/v2\/media?parent=23175"}],"wp:term":[{"taxonomy":"author","embeddable":true,"href":"https:\/\/babywellnessfoundation.org\/es\/wp-json\/wp\/v2\/coauthors?post=23175"}],"curies":[{"name":"wp","href":"https:\/\/api.w.org\/{rel}","templated":true}]}}