{"id":23163,"date":"2021-06-09T11:49:11","date_gmt":"2021-06-09T10:49:11","guid":{"rendered":"https:\/\/babywellnessfoundation.org\/politica-de-privacidad\/"},"modified":"2025-09-17T10:11:55","modified_gmt":"2025-09-17T09:11:55","slug":"politica-de-privacidad","status":"publish","type":"page","link":"https:\/\/babywellnessfoundation.org\/es\/politica-de-privacidad\/","title":{"rendered":"Pol\u00edtica de Privacidad"},"content":{"rendered":"\t\t<div data-elementor-type=\"wp-page\" data-elementor-id=\"23163\" class=\"elementor elementor-23163 elementor-6198\" data-elementor-post-type=\"page\">\n\t\t\t\t\t\t<section class=\"elementor-section elementor-top-section elementor-element elementor-element-d3ca341 elementor-section-boxed elementor-section-height-default elementor-section-height-default\" data-id=\"d3ca341\" data-element_type=\"section\" data-settings=\"{&quot;jet_parallax_layout_list&quot;:[{&quot;jet_parallax_layout_image&quot;:{&quot;url&quot;:&quot;&quot;,&quot;id&quot;:&quot;&quot;,&quot;size&quot;:&quot;&quot;},&quot;_id&quot;:&quot;dbf2358&quot;,&quot;jet_parallax_layout_image_tablet&quot;:{&quot;url&quot;:&quot;&quot;,&quot;id&quot;:&quot;&quot;,&quot;size&quot;:&quot;&quot;},&quot;jet_parallax_layout_image_mobile&quot;:{&quot;url&quot;:&quot;&quot;,&quot;id&quot;:&quot;&quot;,&quot;size&quot;:&quot;&quot;},&quot;jet_parallax_layout_speed&quot;:{&quot;unit&quot;:&quot;%&quot;,&quot;size&quot;:50,&quot;sizes&quot;:[]},&quot;jet_parallax_layout_type&quot;:&quot;scroll&quot;,&quot;jet_parallax_layout_direction&quot;:&quot;1&quot;,&quot;jet_parallax_layout_fx_direction&quot;:null,&quot;jet_parallax_layout_z_index&quot;:&quot;&quot;,&quot;jet_parallax_layout_bg_x&quot;:50,&quot;jet_parallax_layout_bg_x_tablet&quot;:&quot;&quot;,&quot;jet_parallax_layout_bg_x_mobile&quot;:&quot;&quot;,&quot;jet_parallax_layout_bg_y&quot;:50,&quot;jet_parallax_layout_bg_y_tablet&quot;:&quot;&quot;,&quot;jet_parallax_layout_bg_y_mobile&quot;:&quot;&quot;,&quot;jet_parallax_layout_bg_size&quot;:&quot;auto&quot;,&quot;jet_parallax_layout_bg_size_tablet&quot;:&quot;&quot;,&quot;jet_parallax_layout_bg_size_mobile&quot;:&quot;&quot;,&quot;jet_parallax_layout_animation_prop&quot;:&quot;transform&quot;,&quot;jet_parallax_layout_on&quot;:[&quot;desktop&quot;,&quot;tablet&quot;]}]}\">\n\t\t\t\t\t\t<div class=\"elementor-container elementor-column-gap-default\">\n\t\t\t\t\t<div class=\"elementor-column elementor-col-100 elementor-top-column elementor-element elementor-element-52b8b2b\" data-id=\"52b8b2b\" data-element_type=\"column\">\n\t\t\t<div class=\"elementor-widget-wrap elementor-element-populated\">\n\t\t\t\t\t\t<div class=\"elementor-element elementor-element-d735dab elementor-widget elementor-widget-heading\" data-id=\"d735dab\" data-element_type=\"widget\" data-widget_type=\"heading.default\">\n\t\t\t\t<div class=\"elementor-widget-container\">\n\t\t\t\t\t<h2 class=\"elementor-heading-title elementor-size-default\">Pol\u00edtica de Privacidad<\/h2>\t\t\t\t<\/div>\n\t\t\t\t<\/div>\n\t\t\t\t<div class=\"elementor-element elementor-element-0b01f61 elementor-widget elementor-widget-html\" data-id=\"0b01f61\" data-element_type=\"widget\" data-widget_type=\"html.default\">\n\t\t\t\t<div class=\"elementor-widget-container\">\n\t\t\t\t\t<style>td {\n    border: solid 1px #eaeaea;\n}\n<\/style>\t\t\t\t<\/div>\n\t\t\t\t<\/div>\n\t\t\t\t<div class=\"elementor-element elementor-element-1b5b813 elementor-widget elementor-widget-text-editor\" data-id=\"1b5b813\" data-element_type=\"widget\" data-widget_type=\"text-editor.default\">\n\t\t\t\t<div class=\"elementor-widget-container\">\n\t\t\t\t\t\t\t\t\t<b>Informaci\u00f3n sobre el tratamiento de datos personales conforme a los arts. 13\u201314 del RGPD (Reglamento (UE) 2016\/679)<\/b>\n\nEn esta p\u00e1gina se describe la Pol\u00edtica de Privacidad adoptada por la Fundaci\u00f3n en relaci\u00f3n con los distintos tratamientos de datos personales efectuados a trav\u00e9s del sitio web <a href=\"https:\/\/babywellnessfoundation.org\/es\/\">https:\/\/babywellnessfoundation.org <\/a>(en adelante, el \u201cSitio\u201d) y las modalidades de recogida de datos personales.\n<h5><strong>1. RESPONSABLE DEL TRATAMIENTO<\/strong><\/h5>\nEl Responsable del tratamiento es BABY WELLNESS FOUNDATION, con domicilio en Sovizzo (Vicenza), Via Roma 181 (Correo electr\u00f3nico: info@babywellnessfoundation.org \u2013 centralita +39 0444 392233).\n<h5><strong>2. TIPOS DE DATOS PERSONALES RECOPILADOS<\/strong><\/h5>\n<ol type=\"a\">\n \t<li>Datos de navegaci\u00f3n\nLa navegaci\u00f3n por el Sitio y el acceso a los servicios correspondientes implican la adquisici\u00f3n de ciertos datos personales relativos a tu navegaci\u00f3n, como por ejemplo las direcciones IP o los nombres de dominio de los ordenadores que utilizas para conectarte al Sitio, las direcciones con formato URI (Uniform Resource Identifier) de los recursos solicitados, la hora de la solicitud, el m\u00e9todo utilizado para enviar la solicitud al servidor, el tama\u00f1o del archivo obtenido en respuesta, el c\u00f3digo num\u00e9rico que indica el estado de la respuesta dada por el servidor (correcta, error, etc.) y otros par\u00e1metros relativos al sistema operativo y al entorno inform\u00e1tico que utilizas. Se trata de informaci\u00f3n que no se recopila para asociarla a interesados identificados, pero que, por su propia naturaleza, podr\u00eda permitir la identificaci\u00f3n de los interesados mediante tratamientos y asociaciones con datos en poder de terceros. <\/li>\n \t<li>Datos personales facilitados directamente por el Usuario\nBABY WELLNESS FOUNDATION trata los datos personales que nos proporcionas voluntariamente cuando te registras en el Sitio y accedes a los servicios correspondientes.<\/li>\n \t<li>Cookies\nEl Sitio utiliza cookies. Te rogamos, por tanto, que consultes la informaci\u00f3n espec\u00edfica disponible en el siguiente enlace: <a href=\"https:\/\/babywellnessfoundation.org\/cookie-policy\/\">Cookie Policy.<\/a><\/li>\n<\/ol>\n<h5><strong>3. FINALIDAD, BASE JUR\u00cdDICA Y PERIODO DE CONSERVACI\u00d3N<\/strong><\/h5>\nTus datos personales ser\u00e1n tratados por el Responsable para:\n<div style=\"overflow-x: auto;\">\n<table>\n<tbody>\n<tr style=\"background-color: #eaeaea;\">\n<td><\/td>\n<td><span style=\"font-weight: 600;\">FINALIDAD<\/span><\/td>\n<td><span style=\"font-weight: 600;\">BASE JUR\u00cdDICA<\/span><\/td>\n<td><span style=\"font-weight: 600;\">PERIODO DE CONSERVACI\u00d3N<\/span><\/td>\n<\/tr>\n<tr>\n<td><span style=\"font-weight: 400;\">A<\/span><\/td>\n<td><span style=\"font-weight: 400;\">Navegaci\u00f3n por el Sitio: los datos de navegaci\u00f3n se tratan para permitirte navegar por el Sitio y acceder a los servicios relacionados y, en particular, para obtener informaci\u00f3n estad\u00edstica an\u00f3nima sobre el uso del Sitio y de los servicios ofrecidos, verificar su correcto funcionamiento y por razones de seguridad.<\/span><\/td>\n<td><span style=\"font-weight: 400;\">Inter\u00e9s leg\u00edtimo del Responsable.<\/span><\/td>\n<td><span style=\"font-weight: 400;\">Durante el tiempo necesario para el correspondiente tratamiento.<br><\/span><\/td>\n<\/tr>\n<tr>\n<td><span style=\"font-weight: 400;\">B<\/span><\/td>\n<td><span style=\"font-weight: 400;\">Registro en el Sitio (cuenta \u00c1rea Professional): crear tu cuenta personal en el Sitio y acceder y disfrutar de los servicios asociados (p. ej., descargar certificados de participaci\u00f3n en cursos patrocinados). <\/span><\/td>\n<td><span style=\"font-weight: 400;\">Ejecuci\u00f3n de un contrato o de medidas precontractuales a tu petici\u00f3n.<\/span><\/td>\n<td><span style=\"font-weight: 400;\">Hasta tu solicitud de cancelaci\u00f3n de la cuenta o la finalizaci\u00f3n del servicio.<\/span><\/td> \n<\/tr>\n<tr>\n<td><span style=\"font-weight: 400;\">C<\/span><\/td>\n<td><span style=\"font-weight: 400;\">Inscripci\u00f3n al M\u00e1ster para el personal de los Baby Wellness Point: para la inscripci\u00f3n en el m\u00e1ster de inter\u00e9s y para descargar la documentaci\u00f3n correspondiente se solicitan los datos personales necesarios para identificar al participante (datos de car\u00e1cter b\u00e1sico: nombre, apellidos, etc.).<\/span><\/td>\n<td><span style=\"font-weight: 400;\">Ejecuci\u00f3n de un contrato o de medidas precontractuales a tu petici\u00f3n.<\/span><\/td>\n<td><span style=\"font-weight: 400;\">Hasta tu solicitud de cancelaci\u00f3n o la finalizaci\u00f3n del servicio.<\/span><\/td>\n<\/tr>\n<tr>\n<td><span style=\"font-weight: 400;\">D<\/span><\/td>\n<td><span style=\"font-weight: 400;\">Inscripci\u00f3n a los \u201cCursos Mam\u00e1\u201d: para la inscripci\u00f3n y para descargar la documentaci\u00f3n relativa al curso se solicitan los datos personales necesarios para identificar al participante (datos de car\u00e1cter b\u00e1sico: nombre, apellidos, etc.).<\/span><\/td>\n<td><span style=\"font-weight: 400;\">Ejecuci\u00f3n de un contrato o de medidas precontractuales a tu petici\u00f3n.<\/span><\/td>\n<td><span style=\"font-weight: 400;\">Hasta tu solicitud de cancelaci\u00f3n o la finalizaci\u00f3n del servicio.<br><\/span><\/td>\n<\/tr>\n<tr>\n<td><span style=\"font-weight: 400;\">E<\/span><\/td>\n<td><span style=\"font-weight: 400;\">Inscripci\u00f3n a cursos peri\u00f3dicos para profesionales: para la inscripci\u00f3n, el env\u00edo de recordatorios y la descarga de la documentaci\u00f3n de los cursos peri\u00f3dicos para profesionales se solicitan datos personales necesarios para identificar al participante (datos de car\u00e1cter b\u00e1sico: nombre, apellidos, etc.). BWF utilizar\u00e1 los datos para recordar citas peri\u00f3dicas y actividades relacionadas como consecuencia de la adhesi\u00f3n a este servicio.  <\/span><\/td>\n<td><span style=\"font-weight: 400;\">Ejecuci\u00f3n de un contrato o de medidas precontractuales a tu petici\u00f3n.<\/span><\/td>\n<td><span style=\"font-weight: 400;\">Hasta tu solicitud de baja o la finalizaci\u00f3n del servicio.<\/span><\/td>\n<\/tr>\n<tr>\n<td><span style=\"font-weight: 400;\">F<\/span><\/td>\n<td><span style=\"font-weight: 400;\">Cumplimiento de obligaciones legales: cumplimiento de obligaciones legales (en particular en materia civil, fiscal, de seguridad p\u00fablica, bancaria y de protecci\u00f3n de datos personales).<\/span><\/td>\n<td><span style=\"font-weight: 400;\">Cumplimiento de obligaciones legales.<\/span><\/td>\n<td><span style=\"font-weight: 400;\">Durante el periodo previsto por la normativa aplicable. <\/span><\/td> \n<\/tr>\n<tr>\n<td><span style=\"font-weight: 400;\">G<\/span><\/td>\n<td><span style=\"font-weight: 400;\">Litigios y prevenci\u00f3n de il\u00edcitos: para defender o hacer valer un derecho del Responsable y\/o para la detecci\u00f3n y prevenci\u00f3n de fraudes y otros delitos o il\u00edcitos.\n<\/span><\/td><td><span style=\"font-weight: 400;\">Inter\u00e9s leg\u00edtimo del Responsable.\n<\/span><\/td><td><span style=\"font-weight: 400;\">Durante el tiempo necesario para la finalidad para la que se recogen los datos, conforme a la normativa aplicable (por ejemplo, en materia de prescripci\u00f3n).<\/span><\/td>\n<\/tr>\n<tr>\n<td><span style=\"font-weight: 400;\">H<\/span><\/td>\n<td><span style=\"font-weight: 400;\">Finalidades de marketing: utilizaremos tus datos personales para gestionar tu suscripci\u00f3n al bolet\u00edn y para enviarte informaci\u00f3n sobre nuestros servicios mediante distintos medios electr\u00f3nicos (por ejemplo, correo electr\u00f3nico, SMS, patrocinios en l\u00ednea). Podr\u00e1s darte de baja en cualquier momento a trav\u00e9s del enlace incluido al pie de cada correo o contactando con el Responsable en las direcciones indicadas. <\/span><\/td>\n<td><span style=\"font-weight: 400;\">Consentimiento del interesado.<\/span><\/td>\n<td><span style=\"font-weight: 400;\">Hasta la retirada del consentimiento.<\/span><\/td>\n<\/tr>\n<tr>\n<td><span style=\"font-weight: 400;\">I<\/span><\/td>\n<td><span style=\"font-weight: 400;\">Solicitud de env\u00edo de material de apoyo por parte de profesionales.\n<\/span><\/td><td><span style=\"font-weight: 400;\">Ejecuci\u00f3n de un contrato o de medidas precontractuales a tu petici\u00f3n.<\/span><\/td>\n<td><span style=\"font-weight: 400;\">Hasta tu solicitud de cancelaci\u00f3n o la finalizaci\u00f3n del servicio.<br><\/span><\/td>\n<\/tr>\n<\/tbody>\n<\/table>\n<\/div>\n<h5><strong>4. CAR\u00c1CTER OBLIGATORIO DE LOS DATOS Y FUENTE DE PROCEDENCIA<\/strong><\/h5>\nLa aportaci\u00f3n de los datos marcados con asterisco (*) para las finalidades indicadas en el art. 3, letras A), B), C), D), E), F) y G) es necesaria para navegar y registrarte en el Sitio, utilizar los servicios correspondientes y la falta de aportaci\u00f3n de dichos datos imposibilita la prestaci\u00f3n de los servicios solicitados.\nPor el contrario, la aportaci\u00f3n de los datos no marcados con asterisco, aunque pueda facilitar la relaci\u00f3n con el Responsable, es opcional y su falta no perjudica la obtenci\u00f3n de los servicios solicitados.\nCon respecto a las finalidades de marketing del art. 3, letra H), la aportaci\u00f3n de datos es opcional y tu eventual negativa impedir\u00e1 a BABY WELLNESS FOUNDATION tratar los datos para fines de marketing, pero no te impedir\u00e1 navegar y registrarte en el Sitio ni disfrutar de los servicios seg\u00fan lo previsto en el art. 3, letras A), B), C), D) y E). Las finalidades de las letras F) y G) son accesorios derivados de la actividad principal.<br>En relaci\u00f3n con la finalidad del punto B), algunos de tus datos podr\u00edan haberse recopilado previamente a trav\u00e9s de entidades de formaci\u00f3n ajenas a la Fundaci\u00f3n con el fin de poder emitir el certificado de asistencia a las sesiones de formaci\u00f3n patrocinadas. En la informaci\u00f3n de privacidad en el momento de la reserva del evento se indica la comunicaci\u00f3n de datos a Baby Wellness Foundation y el enlace correspondiente a la pol\u00edtica de privacidad.                     \n<h5><strong>5. MODALIDADES DEL TRATAMIENTO<\/strong><\/h5>\nTus datos ser\u00e1n tratados por el Responsable principalmente mediante medios inform\u00e1ticos y telem\u00e1ticos. Se observan medidas de seguridad espec\u00edficas para prevenir la p\u00e9rdida de datos, usos il\u00edcitos o incorrectos y accesos no autorizados. El Responsable ha adoptado todas las medidas de seguridad adecuadas previstas por la ley.  \n<h5><strong>6. CATEGOR\u00cdAS DE DESTINATARIOS DE LOS DATOS PERSONALES Y COMUNICACI\u00d3N<\/strong><\/h5>\nPara la consecuci\u00f3n de las finalidades para las que se recogen los datos, el Responsable puede valerse de categor\u00edas de sujetos a los que los datos podr\u00e1n comunicarse o que podr\u00e1n conocerlos en calidad de encargados del tratamiento (encargados\/encargadas del tratamiento). A t\u00edtulo meramente enunciativo y no exhaustivo: \n<ul>\n \t<li>proveedores de servicios inform\u00e1ticos, como servicios de internet y cloud computing;<\/li>\n \t<li>entidades que realizan actividades de formaci\u00f3n;<\/li>\n \t<li>despachos y otros sujetos que prestan asistencia, asesor\u00eda y servicios de car\u00e1cter, por ejemplo, jur\u00eddico, fiscal, contable, econ\u00f3mico-financiero, t\u00e9cnico-organizativo, de tratamiento de datos, de comunicaci\u00f3n;<\/li>\n \t<li>sociedades controladas, controlantes, participadas y vinculadas;<\/li>\n \t<li>autoridades p\u00fablicas y \u00f3rganos de supervisi\u00f3n y control.<\/li>\n<\/ul>\nExclusivamente para las finalidades arriba indicadas, tus datos personales tambi\u00e9n podr\u00e1n ser conocidos por personal interno del Responsable autorizado para el tratamiento en funci\u00f3n de sus respectivas tareas.<br>Ning\u00fan dato recopilado en el Sitio es objeto de difusi\u00f3n.\n<h5><strong>7. BOTONES SOCIALES<\/strong><\/h5>\nEn el Sitio tambi\u00e9n hay botones sociales (\u201csocial buttons\u201d). Se trata de botones digitales ubicados en la p\u00e1gina web para facilitar la compartici\u00f3n en una determinada red social. Con estas herramientas puedes, por ejemplo, compartir contenidos o recomendar productos del Sitio en redes sociales.\nTras hacer clic en los botones sociales, la red social puede recopilar datos relativos a tu visita al Sitio. Te sugerimos consultar la pol\u00edtica de privacidad del proveedor social correspondiente, tambi\u00e9n disponible en la pol\u00edtica de cookies del Sitio.   \n<h5><strong>8. DERECHOS DE LOS INTERESADOS<\/strong><\/h5>\nPodr\u00e1s, en cualquier momento, ejercer los derechos previstos en los arts. 15 a 21 del RGPD (y, en su caso, en la Ley Org\u00e1nica 3\/2018, de Protecci\u00f3n de Datos Personales y garant\u00eda de los derechos digitales \u2013 LOPDGDD), si resultan aplicables:\n<div style=\"overflow-x: auto;\">\n<table>\n<tbody>\n<tr>\n<td width=\"50%\"><span style=\"font-weight: 400;\">Derecho de acceso a los datos personales (art. 15 RGPD)<\/span><\/td>\n<td rowspan=\"6\"><span style=\"font-weight: 400;\">Para ejercer los derechos indicados puedes dirigir tus solicitudes a los datos de contacto del Responsable arriba expuestos.<br>Si consideras que el tratamiento de tus datos personales infringe el Reglamento (UE) 2016\/679, tienes derecho a presentar una reclamaci\u00f3n ante la Agencia Espa\u00f1ola de Protecci\u00f3n de Datos (AEPD), sin perjuicio de cualquier otro recurso administrativo o acci\u00f3n judicial que pueda corresponderte.  <\/span><a href=\"http:\/\/www.garanteprivacy.it\"><span style=\"font-weight: 400;\">www.aepd.es<\/span><\/a><span style=\"font-weight: 400;\">   <\/span><\/td>\n<\/tr>\n<tr>\n<td><span style=\"font-weight: 400;\">Derecho de rectificaci\u00f3n (art. 16 RGPD)<\/span><\/td>\n<\/tr>\n<tr>\n<td><span style=\"font-weight: 400;\">Derecho de supresi\u00f3n (art. 17 RGPD)<\/span><\/td>\n<\/tr>\n<tr>\n<td><span style=\"font-weight: 400;\">Derecho a la limitaci\u00f3n del tratamiento (art. 18 RGPD)<\/span><\/td>\n<\/tr>\n<tr>\n<td><span style=\"font-weight: 400;\">Derecho a la portabilidad de los datos (art. 20 RGPD)<\/span><\/td>\n<\/tr>\n<tr>\n<td><span style=\"font-weight: 400;\">Derecho de oposici\u00f3n al tratamiento (art. 21 RGPD)<\/span><\/td>\n<\/tr>\n<\/tbody>\n<\/table>\n<\/div>\nTe recordamos que puedes revocar en cualquier momento el consentimiento prestado utilizando la funci\u00f3n de baja (opt-out) incluida en las comunicaciones o bien contactando con el Responsable.\n\nPara ejercer estos derechos, puedes escribir a <a href=\"mailto:info@babywellnessfoundation.org\">info@babywellnessfoundation.org<\/a>.\t\t\t\t\t\t\t\t<\/div>\n\t\t\t\t<\/div>\n\t\t\t\t\t<\/div>\n\t\t<\/div>\n\t\t\t\t\t<\/div>\n\t\t<\/section>\n\t\t\t\t<\/div>\n\t\t","protected":false},"excerpt":{"rendered":"<p>Pol\u00edtica de Privacidad Informaci\u00f3n sobre el tratamiento de datos personales conforme a los arts. 13\u201314 del RGPD (Reglamento (UE) 2016\/679) En esta p\u00e1gina se describe la Pol\u00edtica de Privacidad adoptada por la Fundaci\u00f3n en relaci\u00f3n con los distintos tratamientos de datos personales efectuados a trav\u00e9s del sitio web https:\/\/babywellnessfoundation.org (en adelante, el \u201cSitio\u201d) y las [&hellip;]<\/p>\n","protected":false},"author":1,"featured_media":0,"parent":0,"menu_order":0,"comment_status":"closed","ping_status":"open","template":"","meta":{"_acf_changed":false,"footnotes":""},"coauthors":[796],"class_list":["post-23163","page","type-page","status-publish","hentry"],"acf":[],"yoast_head":"<!-- This site is optimized with the Yoast SEO plugin v25.8 - https:\/\/yoast.com\/wordpress\/plugins\/seo\/ -->\n<title>Pol\u00edtica de Privacidad - Baby Wellness Foundation<\/title>\n<meta name=\"robots\" content=\"index, follow, max-snippet:-1, max-image-preview:large, max-video-preview:-1\" \/>\n<link rel=\"canonical\" href=\"https:\/\/babywellnessfoundation.org\/es\/politica-de-privacidad\/\" \/>\n<meta property=\"og:locale\" content=\"es_ES\" \/>\n<meta property=\"og:type\" content=\"article\" \/>\n<meta property=\"og:title\" content=\"Pol\u00edtica de Privacidad - Baby Wellness Foundation\" \/>\n<meta property=\"og:description\" content=\"Pol\u00edtica de Privacidad Informaci\u00f3n sobre el tratamiento de datos personales conforme a los arts. 13\u201314 del RGPD (Reglamento (UE) 2016\/679) En esta p\u00e1gina se describe la Pol\u00edtica de Privacidad adoptada por la Fundaci\u00f3n en relaci\u00f3n con los distintos tratamientos de datos personales efectuados a trav\u00e9s del sitio web https:\/\/babywellnessfoundation.org (en adelante, el \u201cSitio\u201d) y las [&hellip;]\" \/>\n<meta property=\"og:url\" content=\"https:\/\/babywellnessfoundation.org\/es\/politica-de-privacidad\/\" \/>\n<meta property=\"og:site_name\" content=\"Baby Wellness Foundation\" \/>\n<meta property=\"article:modified_time\" content=\"2025-09-17T09:11:55+00:00\" \/>\n<meta name=\"twitter:card\" content=\"summary_large_image\" \/>\n<meta name=\"twitter:label1\" content=\"Tiempo de lectura\" \/>\n\t<meta name=\"twitter:data1\" content=\"8 minutos\" \/>\n\t<meta name=\"twitter:label2\" content=\"Written by\" \/>\n\t<meta name=\"twitter:data2\" content=\"Admin Mibu\" \/>\n<script type=\"application\/ld+json\" class=\"yoast-schema-graph\">{\"@context\":\"https:\/\/schema.org\",\"@graph\":[{\"@type\":\"WebPage\",\"@id\":\"https:\/\/babywellnessfoundation.org\/es\/politica-de-privacidad\/\",\"url\":\"https:\/\/babywellnessfoundation.org\/es\/politica-de-privacidad\/\",\"name\":\"Pol\u00edtica de Privacidad - Baby Wellness Foundation\",\"isPartOf\":{\"@id\":\"https:\/\/babywellnessfoundation.org\/#website\"},\"datePublished\":\"2021-06-09T10:49:11+00:00\",\"dateModified\":\"2025-09-17T09:11:55+00:00\",\"breadcrumb\":{\"@id\":\"https:\/\/babywellnessfoundation.org\/es\/politica-de-privacidad\/#breadcrumb\"},\"inLanguage\":\"es\",\"potentialAction\":[{\"@type\":\"ReadAction\",\"target\":[\"https:\/\/babywellnessfoundation.org\/es\/politica-de-privacidad\/\"]}]},{\"@type\":\"BreadcrumbList\",\"@id\":\"https:\/\/babywellnessfoundation.org\/es\/politica-de-privacidad\/#breadcrumb\",\"itemListElement\":[{\"@type\":\"ListItem\",\"position\":1,\"name\":\"Home\",\"item\":\"https:\/\/babywellnessfoundation.org\/es\/\"},{\"@type\":\"ListItem\",\"position\":2,\"name\":\"Pol\u00edtica de Privacidad\"}]},{\"@type\":\"WebSite\",\"@id\":\"https:\/\/babywellnessfoundation.org\/#website\",\"url\":\"https:\/\/babywellnessfoundation.org\/\",\"name\":\"Baby Wellness Foundation\",\"description\":\"\",\"potentialAction\":[{\"@type\":\"SearchAction\",\"target\":{\"@type\":\"EntryPoint\",\"urlTemplate\":\"https:\/\/babywellnessfoundation.org\/?s={search_term_string}\"},\"query-input\":{\"@type\":\"PropertyValueSpecification\",\"valueRequired\":true,\"valueName\":\"search_term_string\"}}],\"inLanguage\":\"es\"}]}<\/script>\n<!-- \/ Yoast SEO plugin. -->","yoast_head_json":{"title":"Pol\u00edtica de Privacidad - Baby Wellness Foundation","robots":{"index":"index","follow":"follow","max-snippet":"max-snippet:-1","max-image-preview":"max-image-preview:large","max-video-preview":"max-video-preview:-1"},"canonical":"https:\/\/babywellnessfoundation.org\/es\/politica-de-privacidad\/","og_locale":"es_ES","og_type":"article","og_title":"Pol\u00edtica de Privacidad - Baby Wellness Foundation","og_description":"Pol\u00edtica de Privacidad Informaci\u00f3n sobre el tratamiento de datos personales conforme a los arts. 13\u201314 del RGPD (Reglamento (UE) 2016\/679) En esta p\u00e1gina se describe la Pol\u00edtica de Privacidad adoptada por la Fundaci\u00f3n en relaci\u00f3n con los distintos tratamientos de datos personales efectuados a trav\u00e9s del sitio web https:\/\/babywellnessfoundation.org (en adelante, el \u201cSitio\u201d) y las [&hellip;]","og_url":"https:\/\/babywellnessfoundation.org\/es\/politica-de-privacidad\/","og_site_name":"Baby Wellness Foundation","article_modified_time":"2025-09-17T09:11:55+00:00","twitter_card":"summary_large_image","twitter_misc":{"Tiempo de lectura":"8 minutos","Written by":"Admin Mibu"},"schema":{"@context":"https:\/\/schema.org","@graph":[{"@type":"WebPage","@id":"https:\/\/babywellnessfoundation.org\/es\/politica-de-privacidad\/","url":"https:\/\/babywellnessfoundation.org\/es\/politica-de-privacidad\/","name":"Pol\u00edtica de Privacidad - Baby Wellness Foundation","isPartOf":{"@id":"https:\/\/babywellnessfoundation.org\/#website"},"datePublished":"2021-06-09T10:49:11+00:00","dateModified":"2025-09-17T09:11:55+00:00","breadcrumb":{"@id":"https:\/\/babywellnessfoundation.org\/es\/politica-de-privacidad\/#breadcrumb"},"inLanguage":"es","potentialAction":[{"@type":"ReadAction","target":["https:\/\/babywellnessfoundation.org\/es\/politica-de-privacidad\/"]}]},{"@type":"BreadcrumbList","@id":"https:\/\/babywellnessfoundation.org\/es\/politica-de-privacidad\/#breadcrumb","itemListElement":[{"@type":"ListItem","position":1,"name":"Home","item":"https:\/\/babywellnessfoundation.org\/es\/"},{"@type":"ListItem","position":2,"name":"Pol\u00edtica de Privacidad"}]},{"@type":"WebSite","@id":"https:\/\/babywellnessfoundation.org\/#website","url":"https:\/\/babywellnessfoundation.org\/","name":"Baby Wellness Foundation","description":"","potentialAction":[{"@type":"SearchAction","target":{"@type":"EntryPoint","urlTemplate":"https:\/\/babywellnessfoundation.org\/?s={search_term_string}"},"query-input":{"@type":"PropertyValueSpecification","valueRequired":true,"valueName":"search_term_string"}}],"inLanguage":"es"}]}},"_links":{"self":[{"href":"https:\/\/babywellnessfoundation.org\/es\/wp-json\/wp\/v2\/pages\/23163","targetHints":{"allow":["GET"]}}],"collection":[{"href":"https:\/\/babywellnessfoundation.org\/es\/wp-json\/wp\/v2\/pages"}],"about":[{"href":"https:\/\/babywellnessfoundation.org\/es\/wp-json\/wp\/v2\/types\/page"}],"author":[{"embeddable":true,"href":"https:\/\/babywellnessfoundation.org\/es\/wp-json\/wp\/v2\/users\/1"}],"replies":[{"embeddable":true,"href":"https:\/\/babywellnessfoundation.org\/es\/wp-json\/wp\/v2\/comments?post=23163"}],"version-history":[{"count":1,"href":"https:\/\/babywellnessfoundation.org\/es\/wp-json\/wp\/v2\/pages\/23163\/revisions"}],"predecessor-version":[{"id":23164,"href":"https:\/\/babywellnessfoundation.org\/es\/wp-json\/wp\/v2\/pages\/23163\/revisions\/23164"}],"wp:attachment":[{"href":"https:\/\/babywellnessfoundation.org\/es\/wp-json\/wp\/v2\/media?parent=23163"}],"wp:term":[{"taxonomy":"author","embeddable":true,"href":"https:\/\/babywellnessfoundation.org\/es\/wp-json\/wp\/v2\/coauthors?post=23163"}],"curies":[{"name":"wp","href":"https:\/\/api.w.org\/{rel}","templated":true}]}}