{"id":11331,"date":"2020-11-17T10:51:24","date_gmt":"2020-11-17T09:51:24","guid":{"rendered":"https:\/\/babywellnessfoundation.org\/quienes-somos\/"},"modified":"2025-11-19T11:56:28","modified_gmt":"2025-11-19T10:56:28","slug":"quienes-somos","status":"publish","type":"page","link":"https:\/\/babywellnessfoundation.org\/es\/quienes-somos\/","title":{"rendered":"Qui\u00e9nes somos"},"content":{"rendered":"\t\t<div data-elementor-type=\"wp-page\" data-elementor-id=\"11331\" class=\"elementor elementor-11331 elementor-605\" data-elementor-post-type=\"page\">\n\t\t\t\t\t\t<section class=\"elementor-section elementor-top-section elementor-element elementor-element-31be3ce elementor-section-stretched elementor-section-boxed elementor-section-height-default elementor-section-height-default\" data-id=\"31be3ce\" data-element_type=\"section\" data-settings=\"{&quot;stretch_section&quot;:&quot;section-stretched&quot;,&quot;jet_parallax_layout_list&quot;:[{&quot;jet_parallax_layout_image&quot;:{&quot;url&quot;:&quot;&quot;,&quot;id&quot;:&quot;&quot;,&quot;size&quot;:&quot;&quot;},&quot;_id&quot;:&quot;51ce895&quot;,&quot;jet_parallax_layout_image_tablet&quot;:{&quot;url&quot;:&quot;&quot;,&quot;id&quot;:&quot;&quot;,&quot;size&quot;:&quot;&quot;},&quot;jet_parallax_layout_image_mobile&quot;:{&quot;url&quot;:&quot;&quot;,&quot;id&quot;:&quot;&quot;,&quot;size&quot;:&quot;&quot;},&quot;jet_parallax_layout_speed&quot;:{&quot;unit&quot;:&quot;%&quot;,&quot;size&quot;:50,&quot;sizes&quot;:[]},&quot;jet_parallax_layout_type&quot;:&quot;scroll&quot;,&quot;jet_parallax_layout_direction&quot;:&quot;1&quot;,&quot;jet_parallax_layout_fx_direction&quot;:null,&quot;jet_parallax_layout_z_index&quot;:&quot;&quot;,&quot;jet_parallax_layout_bg_x&quot;:50,&quot;jet_parallax_layout_bg_x_tablet&quot;:&quot;&quot;,&quot;jet_parallax_layout_bg_x_mobile&quot;:&quot;&quot;,&quot;jet_parallax_layout_bg_y&quot;:50,&quot;jet_parallax_layout_bg_y_tablet&quot;:&quot;&quot;,&quot;jet_parallax_layout_bg_y_mobile&quot;:&quot;&quot;,&quot;jet_parallax_layout_bg_size&quot;:&quot;auto&quot;,&quot;jet_parallax_layout_bg_size_tablet&quot;:&quot;&quot;,&quot;jet_parallax_layout_bg_size_mobile&quot;:&quot;&quot;,&quot;jet_parallax_layout_animation_prop&quot;:&quot;transform&quot;,&quot;jet_parallax_layout_on&quot;:[&quot;desktop&quot;,&quot;tablet&quot;]}],&quot;background_background&quot;:&quot;classic&quot;}\">\n\t\t\t\t\t\t<div class=\"elementor-container elementor-column-gap-no\">\n\t\t\t\t\t<div class=\"elementor-column elementor-col-100 elementor-top-column elementor-element elementor-element-eb30d71\" data-id=\"eb30d71\" data-element_type=\"column\">\n\t\t\t<div class=\"elementor-widget-wrap elementor-element-populated\">\n\t\t\t\t\t\t<div class=\"elementor-element elementor-element-766de0b elementor-widget elementor-widget-heading\" data-id=\"766de0b\" data-element_type=\"widget\" data-widget_type=\"heading.default\">\n\t\t\t\t<div class=\"elementor-widget-container\">\n\t\t\t\t\t<h1 class=\"elementor-heading-title elementor-size-default\">El fomento del bienestar del reci\u00e9n nacido<\/h1>\t\t\t\t<\/div>\n\t\t\t\t<\/div>\n\t\t\t\t<div class=\"elementor-element elementor-element-0f93753 elementor-widget elementor-widget-text-editor\" data-id=\"0f93753\" data-element_type=\"widget\" data-widget_type=\"text-editor.default\">\n\t\t\t\t<div class=\"elementor-widget-container\">\n\t\t\t\t\t\t\t\t\t<p>En los \u00faltimos a\u00f1os, se observa una mayor preocupaci\u00f3n y sensibilidad en lo que respecta al tema del bienestar, y nosotros, en Baby Wellness, junto con colaboradores expertos en el sector, estudiamos las mejores soluciones para conseguir la m\u00e1xima comodidad de tu beb\u00e9.<\/p>\t\t\t\t\t\t\t\t<\/div>\n\t\t\t\t<\/div>\n\t\t\t\t\t<\/div>\n\t\t<\/div>\n\t\t\t\t\t<\/div>\n\t\t<\/section>\n\t\t\t\t<section class=\"elementor-section elementor-top-section elementor-element elementor-element-fa22f30 elementor-section-content-middle elementor-section-boxed elementor-section-height-default elementor-section-height-default\" data-id=\"fa22f30\" data-element_type=\"section\" data-settings=\"{&quot;jet_parallax_layout_list&quot;:[{&quot;jet_parallax_layout_image&quot;:{&quot;url&quot;:&quot;&quot;,&quot;id&quot;:&quot;&quot;,&quot;size&quot;:&quot;&quot;},&quot;_id&quot;:&quot;8b2e872&quot;,&quot;jet_parallax_layout_image_tablet&quot;:{&quot;url&quot;:&quot;&quot;,&quot;id&quot;:&quot;&quot;,&quot;size&quot;:&quot;&quot;},&quot;jet_parallax_layout_image_mobile&quot;:{&quot;url&quot;:&quot;&quot;,&quot;id&quot;:&quot;&quot;,&quot;size&quot;:&quot;&quot;},&quot;jet_parallax_layout_speed&quot;:{&quot;unit&quot;:&quot;%&quot;,&quot;size&quot;:50,&quot;sizes&quot;:[]},&quot;jet_parallax_layout_type&quot;:&quot;scroll&quot;,&quot;jet_parallax_layout_direction&quot;:&quot;1&quot;,&quot;jet_parallax_layout_fx_direction&quot;:null,&quot;jet_parallax_layout_z_index&quot;:&quot;&quot;,&quot;jet_parallax_layout_bg_x&quot;:50,&quot;jet_parallax_layout_bg_x_tablet&quot;:&quot;&quot;,&quot;jet_parallax_layout_bg_x_mobile&quot;:&quot;&quot;,&quot;jet_parallax_layout_bg_y&quot;:50,&quot;jet_parallax_layout_bg_y_tablet&quot;:&quot;&quot;,&quot;jet_parallax_layout_bg_y_mobile&quot;:&quot;&quot;,&quot;jet_parallax_layout_bg_size&quot;:&quot;auto&quot;,&quot;jet_parallax_layout_bg_size_tablet&quot;:&quot;&quot;,&quot;jet_parallax_layout_bg_size_mobile&quot;:&quot;&quot;,&quot;jet_parallax_layout_animation_prop&quot;:&quot;transform&quot;,&quot;jet_parallax_layout_on&quot;:[&quot;desktop&quot;,&quot;tablet&quot;]}]}\">\n\t\t\t\t\t\t<div class=\"elementor-container elementor-column-gap-default\">\n\t\t\t\t\t<div class=\"elementor-column elementor-col-50 elementor-top-column elementor-element elementor-element-74103e0\" data-id=\"74103e0\" data-element_type=\"column\">\n\t\t\t<div class=\"elementor-widget-wrap elementor-element-populated\">\n\t\t\t\t\t\t<div class=\"elementor-element elementor-element-e4ea91a elementor-widget elementor-widget-heading\" data-id=\"e4ea91a\" data-element_type=\"widget\" data-widget_type=\"heading.default\">\n\t\t\t\t<div class=\"elementor-widget-container\">\n\t\t\t\t\t<h2 class=\"elementor-heading-title elementor-size-default\">Qui\u00e9nes somos<\/h2>\t\t\t\t<\/div>\n\t\t\t\t<\/div>\n\t\t\t\t<div class=\"elementor-element elementor-element-e8b8699 elementor-widget elementor-widget-text-editor\" data-id=\"e8b8699\" data-element_type=\"widget\" data-widget_type=\"text-editor.default\">\n\t\t\t\t<div class=\"elementor-widget-container\">\n\t\t\t\t\t\t\t\t\t<p>Impulsada por L\u2019Inglesina Baby Spa, nuestra fundaci\u00f3n re\u00fane a diversos profesionales vinculados al mundo de la primera infancia. Matronas, m\u00e9dicos y expertos del sector con aut\u00e9ntica pasi\u00f3n por su profesi\u00f3n.<br \/>A trav\u00e9s del estudio y la investigaci\u00f3n t\u00e9cnico-cient\u00edfica, profundizamos en el conocimiento de las necesidades del beb\u00e9, centr\u00e1ndonos especialmente en los primeros meses de vida, con el fin de difundirlo entre un p\u00fablico lo m\u00e1s amplio posible: la comunidad profesional, los profesionales del sector de la primera infancia y los padres y madres primerizos.<br \/>Cada uno, en su papel, puede contribuir a desarrollar una nueva cultura del bienestar, que no solo promueva &#8220;la ausencia de enfermedad&#8221;, sino un estado de armon\u00eda f\u00edsica y psicol\u00f3gica que es la base de un desarrollo feliz.<br \/>Contribuye t\u00fa tambi\u00e9n a la difusi\u00f3n de la cultura del bienestar del reci\u00e9n nacido y del beb\u00e9.<\/p><h4><strong><br \/>LOS FUNDADORES<\/strong><\/h4><p><span style=\"color: var( --e-global-color-3503bc3 );\"><span style=\"font-weight: bold;\">Bruna Groppo<\/span> Presidenta del Consejo de Administraci\u00f3n<\/span><\/p><p><span style=\"font-weight: bold;\">Luca Tomasi<\/span> Vicepresidente<\/p><p><span style=\"font-weight: bold;\">Ivan Tomasi<\/span> Miembro del Consejo<\/p><p><span style=\"font-weight: bold;\">L\u2019Inglesina Baby SpA<\/span><\/p>\t\t\t\t\t\t\t\t<\/div>\n\t\t\t\t<\/div>\n\t\t\t\t\t<\/div>\n\t\t<\/div>\n\t\t\t\t<div class=\"elementor-column elementor-col-50 elementor-top-column elementor-element elementor-element-9b42b0c\" data-id=\"9b42b0c\" data-element_type=\"column\">\n\t\t\t<div class=\"elementor-widget-wrap elementor-element-populated\">\n\t\t\t\t\t\t<div class=\"elementor-element elementor-element-bcdf1f0 elementor-widget elementor-widget-jet-slider\" data-id=\"bcdf1f0\" data-element_type=\"widget\" data-settings=\"{&quot;slider_height&quot;:{&quot;unit&quot;:&quot;px&quot;,&quot;size&quot;:459,&quot;sizes&quot;:[]},&quot;slider_height_tablet&quot;:{&quot;unit&quot;:&quot;px&quot;,&quot;size&quot;:&quot;&quot;,&quot;sizes&quot;:[]},&quot;slider_height_mobile&quot;:{&quot;unit&quot;:&quot;px&quot;,&quot;size&quot;:&quot;&quot;,&quot;sizes&quot;:[]}}\" data-widget_type=\"jet-slider.default\">\n\t\t\t\t<div class=\"elementor-widget-container\">\n\t\t\t\t\t<div class=\"elementor-jet-slider jet-elements\">\n<div class=\"jet-slider jet-slider__image-contain\" data-settings='{&quot;sliderWidth&quot;:{&quot;unit&quot;:&quot;%&quot;,&quot;size&quot;:100,&quot;sizes&quot;:[]},&quot;sliderHeight&quot;:{&quot;unit&quot;:&quot;px&quot;,&quot;size&quot;:459,&quot;sizes&quot;:[]},&quot;sliderNavigation&quot;:true,&quot;sliderNavigationIcon&quot;:&quot;jet-slider__arrow-icon-bcdf1f0&quot;,&quot;sliderNaviOnHover&quot;:false,&quot;sliderPagination&quot;:false,&quot;sliderAutoplay&quot;:true,&quot;sliderAutoplayDelay&quot;:5000,&quot;sliderAutoplayOnHover&quot;:&quot;pause&quot;,&quot;sliderFullScreen&quot;:false,&quot;sliderFullscreenIcon&quot;:&quot;jet-slider__fullscreen-icon-bcdf1f0&quot;,&quot;sliderShuffle&quot;:false,&quot;sliderLoop&quot;:true,&quot;sliderFadeMode&quot;:false,&quot;slideDistance&quot;:{&quot;unit&quot;:&quot;px&quot;,&quot;size&quot;:10,&quot;sizes&quot;:[]},&quot;slideDuration&quot;:500,&quot;imageScaleMode&quot;:&quot;contain&quot;,&quot;thumbnails&quot;:false,&quot;thumbnailWidth&quot;:120,&quot;thumbnailHeight&quot;:80,&quot;rightToLeft&quot;:false,&quot;touchswipe&quot;:true,&quot;fractionPag&quot;:false,&quot;fractionPrefix&quot;:&quot;&quot;,&quot;fractionSeparator&quot;:&quot;\\\/&quot;,&quot;fractionSuffix&quot;:&quot;&quot;,&quot;autoSliderHeight&quot;:false}'>\n\t\n<div  class=\"slider-pro\"><div class=\"jet-slider__arrow-icon-bcdf1f0 hidden-html\"><i aria-hidden=\"true\" class=\"fas fa-angle-left\"><\/i><\/div><div class=\"jet-slider__fullscreen-icon-bcdf1f0 hidden-html\"><\/div><div class=\"jet-slider__items sp-slides\">\n\n\n<div  class=\"jet-slider__item sp-slide elementor-repeater-item-644249d\"><img decoding=\"async\" class=\"sp-image\" src=\"https:\/\/babywellnessfoundation.org\/wp-content\/uploads\/2021\/05\/bruna-groppo-baby-wellness-foundation.jpg\" alt=\"Bruna Groppo\" loading=\"lazy\"><div class=\"jet-slider__content sp-layer \" data-position=\"centerCenter\" data-width=\"100%\" data-height=\"100%\" data-horizontal=\"0%\" data-show-transition=\"up\" data-show-duration=\"400\" data-show-delay=\"400\" >\n\t\t<div class=\"jet-slider__content-item\">\n\t\t\t<div class=\"jet-slider__content-inner\">\n\t\t\t\t\t\t<div class=\"jet-slider__button-wrapper\">\t\t\t\t\t\t<\/div><\/div>\n\t\t<\/div>\n\t\t\t<\/div>\n<\/div>\n\n<div  class=\"jet-slider__item sp-slide elementor-repeater-item-d5e98e8\"><img decoding=\"async\" class=\"sp-image\" src=\"https:\/\/babywellnessfoundation.org\/wp-content\/uploads\/2021\/05\/luca-tomasi-baby-wellness-foundation.jpg\" alt=\"Luca Tomasi\" loading=\"lazy\"><div class=\"jet-slider__content sp-layer \" data-position=\"centerCenter\" data-width=\"100%\" data-height=\"100%\" data-horizontal=\"0%\" data-show-transition=\"up\" data-show-duration=\"400\" data-show-delay=\"400\" >\n\t\t<div class=\"jet-slider__content-item\">\n\t\t\t<div class=\"jet-slider__content-inner\">\n\t\t\t\t\t\t<div class=\"jet-slider__button-wrapper\">\t\t\t\t\t\t<\/div><\/div>\n\t\t<\/div>\n\t\t\t<\/div>\n<\/div>\n\n<\/div>\n<\/div>\n<\/div>\n<\/div>\t\t\t\t<\/div>\n\t\t\t\t<\/div>\n\t\t\t\t\t<\/div>\n\t\t<\/div>\n\t\t\t\t\t<\/div>\n\t\t<\/section>\n\t\t\t\t<\/div>\n\t\t","protected":false},"excerpt":{"rendered":"<p>El fomento del bienestar del reci\u00e9n nacido En los \u00faltimos a\u00f1os, se observa una mayor preocupaci\u00f3n y sensibilidad en lo que respecta al tema del bienestar, y nosotros, en Baby Wellness, junto con colaboradores expertos en el sector, estudiamos las mejores soluciones para conseguir la m\u00e1xima comodidad de tu beb\u00e9. Qui\u00e9nes somos Impulsada por L\u2019Inglesina [&hellip;]<\/p>\n","protected":false},"author":1,"featured_media":0,"parent":0,"menu_order":0,"comment_status":"closed","ping_status":"closed","template":"elementor_header_footer","meta":{"_acf_changed":false,"footnotes":""},"coauthors":[],"class_list":["post-11331","page","type-page","status-publish","hentry"],"acf":[],"yoast_head":"<!-- This site is optimized with the Yoast SEO plugin v25.8 - https:\/\/yoast.com\/wordpress\/plugins\/seo\/ -->\n<title>Qui\u00e9nes somos - Baby Wellness Foundation<\/title>\n<meta name=\"robots\" content=\"index, follow, max-snippet:-1, max-image-preview:large, max-video-preview:-1\" \/>\n<link rel=\"canonical\" href=\"https:\/\/babywellnessfoundation.org\/en\/who-we-are\/\" \/>\n<meta property=\"og:locale\" content=\"es_ES\" \/>\n<meta property=\"og:type\" content=\"article\" \/>\n<meta property=\"og:title\" content=\"Qui\u00e9nes somos - Baby Wellness Foundation\" \/>\n<meta property=\"og:description\" content=\"El fomento del bienestar del reci\u00e9n nacido En los \u00faltimos a\u00f1os, se observa una mayor preocupaci\u00f3n y sensibilidad en lo que respecta al tema del bienestar, y nosotros, en Baby Wellness, junto con colaboradores expertos en el sector, estudiamos las mejores soluciones para conseguir la m\u00e1xima comodidad de tu beb\u00e9. Qui\u00e9nes somos Impulsada por L\u2019Inglesina [&hellip;]\" \/>\n<meta property=\"og:url\" content=\"https:\/\/babywellnessfoundation.org\/en\/who-we-are\/\" \/>\n<meta property=\"og:site_name\" content=\"Baby Wellness Foundation\" \/>\n<meta property=\"article:modified_time\" content=\"2025-11-19T10:56:28+00:00\" \/>\n<meta property=\"og:image\" content=\"https:\/\/babywellnessfoundation.org\/wp-content\/uploads\/2021\/05\/bruna-groppo-baby-wellness-foundation.jpg\" \/>\n<meta name=\"twitter:card\" content=\"summary_large_image\" \/>\n<meta name=\"twitter:label1\" content=\"Tiempo de lectura\" \/>\n\t<meta name=\"twitter:data1\" content=\"2 minutos\" \/>\n\t<meta name=\"twitter:label2\" content=\"Written by\" \/>\n\t<meta name=\"twitter:data2\" content=\"Admin Mibu\" \/>\n<script type=\"application\/ld+json\" class=\"yoast-schema-graph\">{\"@context\":\"https:\/\/schema.org\",\"@graph\":[{\"@type\":\"WebPage\",\"@id\":\"https:\/\/babywellnessfoundation.org\/en\/who-we-are\/\",\"url\":\"https:\/\/babywellnessfoundation.org\/en\/who-we-are\/\",\"name\":\"Qui\u00e9nes somos - Baby Wellness Foundation\",\"isPartOf\":{\"@id\":\"https:\/\/babywellnessfoundation.org\/#website\"},\"primaryImageOfPage\":{\"@id\":\"https:\/\/babywellnessfoundation.org\/en\/who-we-are\/#primaryimage\"},\"image\":{\"@id\":\"https:\/\/babywellnessfoundation.org\/en\/who-we-are\/#primaryimage\"},\"thumbnailUrl\":\"https:\/\/babywellnessfoundation.org\/wp-content\/uploads\/2021\/05\/bruna-groppo-baby-wellness-foundation.jpg\",\"datePublished\":\"2020-11-17T09:51:24+00:00\",\"dateModified\":\"2025-11-19T10:56:28+00:00\",\"breadcrumb\":{\"@id\":\"https:\/\/babywellnessfoundation.org\/en\/who-we-are\/#breadcrumb\"},\"inLanguage\":\"es\",\"potentialAction\":[{\"@type\":\"ReadAction\",\"target\":[\"https:\/\/babywellnessfoundation.org\/en\/who-we-are\/\"]}]},{\"@type\":\"ImageObject\",\"inLanguage\":\"es\",\"@id\":\"https:\/\/babywellnessfoundation.org\/en\/who-we-are\/#primaryimage\",\"url\":\"https:\/\/babywellnessfoundation.org\/wp-content\/uploads\/2021\/05\/bruna-groppo-baby-wellness-foundation.jpg\",\"contentUrl\":\"https:\/\/babywellnessfoundation.org\/wp-content\/uploads\/2021\/05\/bruna-groppo-baby-wellness-foundation.jpg\"},{\"@type\":\"BreadcrumbList\",\"@id\":\"https:\/\/babywellnessfoundation.org\/en\/who-we-are\/#breadcrumb\",\"itemListElement\":[{\"@type\":\"ListItem\",\"position\":1,\"name\":\"Home\",\"item\":\"https:\/\/babywellnessfoundation.org\/es\/\"},{\"@type\":\"ListItem\",\"position\":2,\"name\":\"Qui\u00e9nes somos\"}]},{\"@type\":\"WebSite\",\"@id\":\"https:\/\/babywellnessfoundation.org\/#website\",\"url\":\"https:\/\/babywellnessfoundation.org\/\",\"name\":\"Baby Wellness Foundation\",\"description\":\"\",\"potentialAction\":[{\"@type\":\"SearchAction\",\"target\":{\"@type\":\"EntryPoint\",\"urlTemplate\":\"https:\/\/babywellnessfoundation.org\/?s={search_term_string}\"},\"query-input\":{\"@type\":\"PropertyValueSpecification\",\"valueRequired\":true,\"valueName\":\"search_term_string\"}}],\"inLanguage\":\"es\"}]}<\/script>\n<!-- \/ Yoast SEO plugin. -->","yoast_head_json":{"title":"Qui\u00e9nes somos - Baby Wellness Foundation","robots":{"index":"index","follow":"follow","max-snippet":"max-snippet:-1","max-image-preview":"max-image-preview:large","max-video-preview":"max-video-preview:-1"},"canonical":"https:\/\/babywellnessfoundation.org\/en\/who-we-are\/","og_locale":"es_ES","og_type":"article","og_title":"Qui\u00e9nes somos - Baby Wellness Foundation","og_description":"El fomento del bienestar del reci\u00e9n nacido En los \u00faltimos a\u00f1os, se observa una mayor preocupaci\u00f3n y sensibilidad en lo que respecta al tema del bienestar, y nosotros, en Baby Wellness, junto con colaboradores expertos en el sector, estudiamos las mejores soluciones para conseguir la m\u00e1xima comodidad de tu beb\u00e9. Qui\u00e9nes somos Impulsada por L\u2019Inglesina [&hellip;]","og_url":"https:\/\/babywellnessfoundation.org\/en\/who-we-are\/","og_site_name":"Baby Wellness Foundation","article_modified_time":"2025-11-19T10:56:28+00:00","og_image":[{"url":"https:\/\/babywellnessfoundation.org\/wp-content\/uploads\/2021\/05\/bruna-groppo-baby-wellness-foundation.jpg","type":"","width":"","height":""}],"twitter_card":"summary_large_image","twitter_misc":{"Tiempo de lectura":"2 minutos","Written by":"Admin Mibu"},"schema":{"@context":"https:\/\/schema.org","@graph":[{"@type":"WebPage","@id":"https:\/\/babywellnessfoundation.org\/en\/who-we-are\/","url":"https:\/\/babywellnessfoundation.org\/en\/who-we-are\/","name":"Qui\u00e9nes somos - Baby Wellness Foundation","isPartOf":{"@id":"https:\/\/babywellnessfoundation.org\/#website"},"primaryImageOfPage":{"@id":"https:\/\/babywellnessfoundation.org\/en\/who-we-are\/#primaryimage"},"image":{"@id":"https:\/\/babywellnessfoundation.org\/en\/who-we-are\/#primaryimage"},"thumbnailUrl":"https:\/\/babywellnessfoundation.org\/wp-content\/uploads\/2021\/05\/bruna-groppo-baby-wellness-foundation.jpg","datePublished":"2020-11-17T09:51:24+00:00","dateModified":"2025-11-19T10:56:28+00:00","breadcrumb":{"@id":"https:\/\/babywellnessfoundation.org\/en\/who-we-are\/#breadcrumb"},"inLanguage":"es","potentialAction":[{"@type":"ReadAction","target":["https:\/\/babywellnessfoundation.org\/en\/who-we-are\/"]}]},{"@type":"ImageObject","inLanguage":"es","@id":"https:\/\/babywellnessfoundation.org\/en\/who-we-are\/#primaryimage","url":"https:\/\/babywellnessfoundation.org\/wp-content\/uploads\/2021\/05\/bruna-groppo-baby-wellness-foundation.jpg","contentUrl":"https:\/\/babywellnessfoundation.org\/wp-content\/uploads\/2021\/05\/bruna-groppo-baby-wellness-foundation.jpg"},{"@type":"BreadcrumbList","@id":"https:\/\/babywellnessfoundation.org\/en\/who-we-are\/#breadcrumb","itemListElement":[{"@type":"ListItem","position":1,"name":"Home","item":"https:\/\/babywellnessfoundation.org\/es\/"},{"@type":"ListItem","position":2,"name":"Qui\u00e9nes somos"}]},{"@type":"WebSite","@id":"https:\/\/babywellnessfoundation.org\/#website","url":"https:\/\/babywellnessfoundation.org\/","name":"Baby Wellness Foundation","description":"","potentialAction":[{"@type":"SearchAction","target":{"@type":"EntryPoint","urlTemplate":"https:\/\/babywellnessfoundation.org\/?s={search_term_string}"},"query-input":{"@type":"PropertyValueSpecification","valueRequired":true,"valueName":"search_term_string"}}],"inLanguage":"es"}]}},"_links":{"self":[{"href":"https:\/\/babywellnessfoundation.org\/es\/wp-json\/wp\/v2\/pages\/11331","targetHints":{"allow":["GET"]}}],"collection":[{"href":"https:\/\/babywellnessfoundation.org\/es\/wp-json\/wp\/v2\/pages"}],"about":[{"href":"https:\/\/babywellnessfoundation.org\/es\/wp-json\/wp\/v2\/types\/page"}],"author":[{"embeddable":true,"href":"https:\/\/babywellnessfoundation.org\/es\/wp-json\/wp\/v2\/users\/1"}],"replies":[{"embeddable":true,"href":"https:\/\/babywellnessfoundation.org\/es\/wp-json\/wp\/v2\/comments?post=11331"}],"version-history":[{"count":14,"href":"https:\/\/babywellnessfoundation.org\/es\/wp-json\/wp\/v2\/pages\/11331\/revisions"}],"predecessor-version":[{"id":24583,"href":"https:\/\/babywellnessfoundation.org\/es\/wp-json\/wp\/v2\/pages\/11331\/revisions\/24583"}],"wp:attachment":[{"href":"https:\/\/babywellnessfoundation.org\/es\/wp-json\/wp\/v2\/media?parent=11331"}],"wp:term":[{"taxonomy":"author","embeddable":true,"href":"https:\/\/babywellnessfoundation.org\/es\/wp-json\/wp\/v2\/coauthors?post=11331"}],"curies":[{"name":"wp","href":"https:\/\/api.w.org\/{rel}","templated":true}]}}